{"id":17488,"date":"2022-03-26T11:29:59","date_gmt":"2022-03-26T11:29:59","guid":{"rendered":"https:\/\/superproje.com\/?page_id=17488"},"modified":"2022-03-28T10:31:02","modified_gmt":"2022-03-28T10:31:02","slug":"basinda-super-proje","status":"publish","type":"page","link":"https:\/\/superproje.com\/ar\/basinda-super-proje\/","title":{"rendered":"\u0646\u062d\u0646 \u0641\u064a \u0627\u0644\u0635\u062d\u0627\u0641\u0629"},"content":{"rendered":"<div class=\"vc-custom-col-spacing clearfix vc-col-spacing-30\"><section class=\"wpb_row vc_row-fluid row-content-position-Default\"><div class=\"startflow-container\"><div class=\"row-inner clearfix\"><div class=\"wpb_column vc_column_container vc_col-sm-12\"><div class=\"vc_column-inner\"><div class=\"wpb_wrapper\">\r\n\t<div class=\"startflow-spacer clearfix\" data-desktop=\"100\" data-mobi=\"70\" data-smobi=\"50\"><\/div><div class=\"startflow-headings clearfix text-center\"  style=\"\"><h2 class=\"heading clearfix\" style=\"max-width:670px;margin-left: auto; margin-right: auto;\">\r\n\t\t\u0623\u062e\u0628\u0627\u0631 \u0639\u0646 \u0645\u0634\u0627\u0631\u064a\u0639 Super Proje \u0641\u064a \u0627\u0644\u0635\u062d\u0627\u0641\u0629\r\n\t<\/h2><\/div><\/div><\/div><\/div><\/div><\/div><\/section><\/div><div class=\"vc-custom-col-spacing clearfix vc-col-spacing-30\"><section class=\"wpb_row vc_row-fluid row-content-position-Default\"><div class=\"startflow-container\"><div class=\"row-inner clearfix\"><div class=\"wpb_column vc_column_container vc_col-sm-12\"><div class=\"vc_column-inner\"><div class=\"wpb_wrapper\">\r\n\t<div class=\"startflow-spacer clearfix\" data-desktop=\"65\" data-mobi=\"40\" data-smobi=\"40\"><\/div><\/div><\/div><\/div><\/div><\/div><\/section><\/div><div class=\"vc-custom-col-spacing clearfix vc-col-spacing-30\"><section class=\"wpb_row vc_row-fluid row-content-position-Default\"><div class=\"startflow-container\"><div class=\"row-inner clearfix\"><div class=\"wpb_column vc_column_container vc_col-sm-3\"><div class=\"vc_column-inner\"><div class=\"wpb_wrapper\"><div class=\"startflow-image-box clearfix style-1 text-center\" style=\"\" >\r\n        <div class=\"item\">\r\n            <div class=\"inner\">\r\n                <div class=\"thumb\" style=\"\"><img width=\"370\" height=\"370\" src=\"https:\/\/superproje.com\/wp-content\/uploads\/2022\/03\/CUMURI\u0307YET-LOGO.png\" class=\"attachment-full size-full\" alt=\"\" decoding=\"async\" loading=\"lazy\" srcset=\"https:\/\/superproje.com\/wp-content\/uploads\/2022\/03\/CUMURI\u0307YET-LOGO.png 370w, https:\/\/superproje.com\/wp-content\/uploads\/2022\/03\/CUMURI\u0307YET-LOGO-300x300.png 300w, https:\/\/superproje.com\/wp-content\/uploads\/2022\/03\/CUMURI\u0307YET-LOGO-150x150.png 150w, https:\/\/superproje.com\/wp-content\/uploads\/2022\/03\/CUMURI\u0307YET-LOGO-140x140.png 140w\" sizes=\"(max-width: 370px) 100vw, 370px\" \/> <div class=\"hover-layer\"><a href=\"https:\/\/www.cumhuriyet.com.tr\/haber\/yabanciya-konut-satis-geliri-2025te-20-milyar-dolara-cikacak-1855623\" class=\"icon\"><span class=\"pe-7s-plus\"><\/span><\/a><\/div><\/div>\r\n                <div class=\"text-wrap\" style=\"\">\r\n                    <h3 class=\"title\" style=\"\">\r\n            <a href=\"https:\/\/www.cumhuriyet.com.tr\/haber\/yabanciya-konut-satis-geliri-2025te-20-milyar-dolara-cikacak-1855623\">\r\n                \u0633\u062a\u0635\u0644 \u0639\u0627\u0626\u062f\u0627\u062a \u0645\u0628\u064a\u0639\u0627\u062a \u0627\u0644\u0645\u0633\u0627\u0643\u0646 \u0644\u0644\u0623\u062c\u0627\u0646\u0628 \u0625\u0644\u0649 20 \u0645\u0644\u064a\u0627\u0631 \u062f\u0648\u0644\u0627\u0631 \u0641\u064a \u0639\u0627\u0645 2025\r\n            <\/a>\r\n        <\/h3>  \r\n                <\/div>\r\n                \r\n            <\/div>\r\n        <\/div>\r\n    <\/div><div class=\"startflow-image-box clearfix style-1 text-center\" style=\"\" >\r\n        <div class=\"item\">\r\n            <div class=\"inner\">\r\n                <div class=\"thumb\" style=\"\"><img width=\"370\" height=\"370\" src=\"https:\/\/superproje.com\/wp-content\/uploads\/2022\/03\/PARA-LOGO.png\" class=\"attachment-full size-full\" alt=\"\" decoding=\"async\" loading=\"lazy\" srcset=\"https:\/\/superproje.com\/wp-content\/uploads\/2022\/03\/PARA-LOGO.png 370w, https:\/\/superproje.com\/wp-content\/uploads\/2022\/03\/PARA-LOGO-300x300.png 300w, https:\/\/superproje.com\/wp-content\/uploads\/2022\/03\/PARA-LOGO-150x150.png 150w, https:\/\/superproje.com\/wp-content\/uploads\/2022\/03\/PARA-LOGO-140x140.png 140w\" sizes=\"(max-width: 370px) 100vw, 370px\" \/> <div class=\"hover-layer\"><a href=\"https:\/\/www.paradergi.com.tr\/sektorler\/2021\/09\/02\/biz-coinleri-dovduk\" class=\"icon\"><span class=\"pe-7s-plus\"><\/span><\/a><\/div><\/div>\r\n                <div class=\"text-wrap\" style=\"\">\r\n                    <h3 class=\"title\" style=\"\">\r\n            <a href=\"https:\/\/www.paradergi.com.tr\/sektorler\/2021\/09\/02\/biz-coinleri-dovduk\">\r\n                \u0644\u0642\u062f \u062a\u063a\u0644\u0628\u0646\u0627 \u0639\u0644\u0649 \u0627\u0644\u0639\u0645\u0644\u0627\u062a \u0627\u0644\u0645\u0639\u062f\u0646\u064a\u0629!\r\n            <\/a>\r\n        <\/h3>  \r\n                <\/div>\r\n                \r\n            <\/div>\r\n        <\/div>\r\n    <\/div><\/div><\/div><\/div><div class=\"wpb_column vc_column_container vc_col-sm-3\"><div class=\"vc_column-inner\"><div class=\"wpb_wrapper\"><div class=\"startflow-image-box clearfix style-1 text-center\" style=\"\" >\r\n        <div class=\"item\">\r\n            <div class=\"inner\">\r\n                <div class=\"thumb\" style=\"\"><img width=\"370\" height=\"370\" src=\"https:\/\/superproje.com\/wp-content\/uploads\/2022\/03\/DU\u0308NYA-LOGO.png\" class=\"attachment-full size-full\" alt=\"\" decoding=\"async\" loading=\"lazy\" srcset=\"https:\/\/superproje.com\/wp-content\/uploads\/2022\/03\/DU\u0308NYA-LOGO.png 370w, https:\/\/superproje.com\/wp-content\/uploads\/2022\/03\/DU\u0308NYA-LOGO-300x300.png 300w, https:\/\/superproje.com\/wp-content\/uploads\/2022\/03\/DU\u0308NYA-LOGO-150x150.png 150w, https:\/\/superproje.com\/wp-content\/uploads\/2022\/03\/DU\u0308NYA-LOGO-140x140.png 140w\" sizes=\"(max-width: 370px) 100vw, 370px\" \/> <div class=\"hover-layer\"><a href=\"https:\/\/www.dunya.com\/sektorler\/emlak\/dunyada-en-cok-kazandiran-konut-turkiyede-haberi-612328\" class=\"icon\"><span class=\"pe-7s-plus\"><\/span><\/a><\/div><\/div>\r\n                <div class=\"text-wrap\" style=\"\">\r\n                    <h3 class=\"title\" style=\"\">\r\n            <a href=\"https:\/\/www.dunya.com\/sektorler\/emlak\/dunyada-en-cok-kazandiran-konut-turkiyede-haberi-612328\">\r\n                \u0627\u0644\u0625\u0633\u0643\u0627\u0646 \u0627\u0644\u0623\u0643\u062b\u0631 \u0631\u0628\u062d\u064a\u0629 \u0641\u064a \u0627\u0644\u0639\u0627\u0644\u0645 \u0647\u0648 \u0641\u064a \u062a\u0631\u0643\u064a\u0627\r\n            <\/a>\r\n        <\/h3>  \r\n                <\/div>\r\n                \r\n            <\/div>\r\n        <\/div>\r\n    <\/div><div class=\"startflow-image-box clearfix style-1 text-center\" style=\"\" >\r\n        <div class=\"item\">\r\n            <div class=\"inner\">\r\n                <div class=\"thumb\" style=\"\"><img width=\"370\" height=\"370\" src=\"https:\/\/superproje.com\/wp-content\/uploads\/2022\/03\/ITERNET-HABER-LOGO.png\" class=\"attachment-full size-full\" alt=\"\" decoding=\"async\" loading=\"lazy\" srcset=\"https:\/\/superproje.com\/wp-content\/uploads\/2022\/03\/ITERNET-HABER-LOGO.png 370w, https:\/\/superproje.com\/wp-content\/uploads\/2022\/03\/ITERNET-HABER-LOGO-300x300.png 300w, https:\/\/superproje.com\/wp-content\/uploads\/2022\/03\/ITERNET-HABER-LOGO-150x150.png 150w, https:\/\/superproje.com\/wp-content\/uploads\/2022\/03\/ITERNET-HABER-LOGO-140x140.png 140w\" sizes=\"(max-width: 370px) 100vw, 370px\" \/> <div class=\"hover-layer\"><a href=\"https:\/\/www.internethaber.com\/cinliler-istanbulu-markajina-aldi-konut-uretmeye-geliyor-2189378h.htm\" class=\"icon\"><span class=\"pe-7s-plus\"><\/span><\/a><\/div><\/div>\r\n                <div class=\"text-wrap\" style=\"\">\r\n                    <h3 class=\"title\" style=\"\">\r\n            <a href=\"https:\/\/www.internethaber.com\/cinliler-istanbulu-markajina-aldi-konut-uretmeye-geliyor-2189378h.htm\">\r\n                \u0642\u0627\u0645 \u0627\u0644\u0635\u064a\u0646\u064a\u0648\u0646 \u0628\u0648\u0636\u0639 \u0639\u0644\u0627\u0645\u0629 \u062a\u062c\u0627\u0631\u064a\u0629 \u0639\u0644\u0649 \u0627\u0633\u0637\u0646\u0628\u0648\u0644 \u0648\u0647\u0645 \u064a\u0623\u062a\u0648\u0646 \u0644\u0625\u0646\u062a\u0627\u062c \u0627\u0644\u0645\u0633\u0627\u0643\u0646\r\n            <\/a>\r\n        <\/h3>  \r\n                <\/div>\r\n                \r\n            <\/div>\r\n        <\/div>\r\n    <\/div><\/div><\/div><\/div><div class=\"wpb_column vc_column_container vc_col-sm-3\"><div class=\"vc_column-inner\"><div class=\"wpb_wrapper\"><div class=\"startflow-image-box clearfix style-1 text-center\" style=\"\" >\r\n        <div class=\"item\">\r\n            <div class=\"inner\">\r\n                <div class=\"thumb\" style=\"\"><img width=\"370\" height=\"370\" src=\"https:\/\/superproje.com\/wp-content\/uploads\/2022\/03\/AYDINLIK-LOGO.png\" class=\"attachment-full size-full\" alt=\"\" decoding=\"async\" loading=\"lazy\" srcset=\"https:\/\/superproje.com\/wp-content\/uploads\/2022\/03\/AYDINLIK-LOGO.png 370w, https:\/\/superproje.com\/wp-content\/uploads\/2022\/03\/AYDINLIK-LOGO-300x300.png 300w, https:\/\/superproje.com\/wp-content\/uploads\/2022\/03\/AYDINLIK-LOGO-150x150.png 150w, https:\/\/superproje.com\/wp-content\/uploads\/2022\/03\/AYDINLIK-LOGO-140x140.png 140w\" sizes=\"(max-width: 370px) 100vw, 370px\" \/> <div class=\"hover-layer\"><a href=\"https:\/\/www.aydinlik.com.tr\/haber\/coin-yatirimcilarini-gayrimenkule-cagirdi-243587\" class=\"icon\"><span class=\"pe-7s-plus\"><\/span><\/a><\/div><\/div>\r\n                <div class=\"text-wrap\" style=\"\">\r\n                    <h3 class=\"title\" style=\"\">\r\n            <a href=\"https:\/\/www.aydinlik.com.tr\/haber\/coin-yatirimcilarini-gayrimenkule-cagirdi-243587\">\r\n                \u062f\u0639\u0648\u0629 \u0645\u0633\u062a\u062b\u0645\u0631\u064a \u0627\u0644\u0639\u0645\u0644\u0627\u062a \u0625\u0644\u0649 \u0627\u0644\u0639\u0642\u0627\u0631\u0627\u062a.\r\n            <\/a>\r\n        <\/h3>  \r\n                <\/div>\r\n                \r\n            <\/div>\r\n        <\/div>\r\n    <\/div><\/div><\/div><\/div><div class=\"wpb_column vc_column_container vc_col-sm-3\"><div class=\"vc_column-inner\"><div class=\"wpb_wrapper\"><div class=\"startflow-image-box clearfix style-1 text-center\" style=\"\" >\r\n        <div class=\"item\">\r\n            <div class=\"inner\">\r\n                <div class=\"thumb\" style=\"\"><img width=\"370\" height=\"370\" src=\"https:\/\/superproje.com\/wp-content\/uploads\/2022\/03\/HABER-GLOBAL-LOGO.png\" class=\"attachment-full size-full\" alt=\"\" decoding=\"async\" loading=\"lazy\" srcset=\"https:\/\/superproje.com\/wp-content\/uploads\/2022\/03\/HABER-GLOBAL-LOGO.png 370w, https:\/\/superproje.com\/wp-content\/uploads\/2022\/03\/HABER-GLOBAL-LOGO-300x300.png 300w, https:\/\/superproje.com\/wp-content\/uploads\/2022\/03\/HABER-GLOBAL-LOGO-150x150.png 150w, https:\/\/superproje.com\/wp-content\/uploads\/2022\/03\/HABER-GLOBAL-LOGO-140x140.png 140w\" sizes=\"(max-width: 370px) 100vw, 370px\" \/> <div class=\"hover-layer\"><a href=\"https:\/\/haberglobal.com.tr\/ekonomi\/cumhurbaskani-erdogan-in-cagrisi-bolgesel-ve-kuresel-fonlarin-dikkatini-cekti-102287\" class=\"icon\"><span class=\"pe-7s-plus\"><\/span><\/a><\/div><\/div>\r\n                <div class=\"text-wrap\" style=\"\">\r\n                    <h3 class=\"title\" style=\"\">\r\n            <a href=\"https:\/\/haberglobal.com.tr\/ekonomi\/cumhurbaskani-erdogan-in-cagrisi-bolgesel-ve-kuresel-fonlarin-dikkatini-cekti-102287\">\r\n                \u0627\u0644\u062a\u0631\u0643\u064a\u0632 \u0639\u0644\u0649 \u062f\u0639\u0648\u0629 \u0627\u0644\u0631\u0626\u064a\u0633 \u0623\u0631\u062f\u0648\u063a\u0627\u0646\r\n            <\/a>\r\n        <\/h3>  \r\n                <\/div>\r\n                \r\n            <\/div>\r\n        <\/div>\r\n    <\/div><\/div><\/div><\/div><\/div><\/div><\/section><\/div><div class=\"vc-custom-col-spacing clearfix vc-col-spacing-30\"><section class=\"wpb_row vc_row-fluid row-content-position-Default\"><div class=\"startflow-container\"><div class=\"row-inner clearfix\"><div class=\"wpb_column vc_column_container vc_col-sm-12\"><div class=\"vc_column-inner\"><div class=\"wpb_wrapper\">\r\n\t<div class=\"startflow-spacer clearfix\" data-desktop=\"65\" data-mobi=\"40\" data-smobi=\"40\"><\/div><\/div><\/div><\/div><\/div><\/div><\/section><\/div>","protected":false},"excerpt":{"rendered":"Bas\u0131nda S\u00fcper Proje hakk\u0131nda \u00e7\u0131kan haberler Yabanc\u0131ya konut sat\u0131\u015f\u0131 geliri 2025'de 20 milyar dolara \u00e7\u0131kacak Biz coinleri d\u00f6vd\u00fck! D\u00fcnya'da en \u00e7ok kazand\u0131ran konut T\u00fcrkiye'de \u00c7inliler \u0130stanbul\u2019u markaj\u0131na ald\u0131 konut \u00fcretmeye geliyor Coin yat\u0131r\u0131mc\u0131lar\u0131n\u0131 gayrimenkule \u00e7a\u011f\u0131rd\u0131. Cumhurba\u015fkan\u0131 Erdo\u011fan'\u0131n \u00e7a\u011fr\u0131s\u0131 dikkatleri \u00e7ekti","protected":false},"author":2,"featured_media":0,"parent":0,"menu_order":0,"comment_status":"closed","ping_status":"closed","template":"","meta":[],"yoast_head":"<!-- This site is optimized with the Yoast SEO plugin v18.4.1 - https:\/\/yoast.com\/wordpress\/plugins\/seo\/ -->\n<title>Bas\u0131nda S\u00fcper Proje - S\u00fcper Proje Pazarlama<\/title>\n<meta name=\"robots\" content=\"index, follow, max-snippet:-1, max-image-preview:large, max-video-preview:-1\" \/>\n<link rel=\"canonical\" href=\"https:\/\/superproje.com\/ar\/basinda-super-proje\/\" \/>\n<meta property=\"og:locale\" content=\"ar_AR\" \/>\n<meta property=\"og:type\" content=\"article\" \/>\n<meta property=\"og:title\" content=\"Bas\u0131nda S\u00fcper Proje - S\u00fcper Proje Pazarlama\" \/>\n<meta property=\"og:url\" content=\"https:\/\/superproje.com\/ar\/basinda-super-proje\/\" \/>\n<meta property=\"og:site_name\" content=\"S\u00fcper Proje Pazarlama\" \/>\n<meta property=\"article:publisher\" content=\"https:\/\/www.facebook.com\/superproje\" \/>\n<meta property=\"article:modified_time\" content=\"2022-03-28T10:31:02+00:00\" \/>\n<meta name=\"twitter:card\" content=\"summary_large_image\" \/>\n<meta name=\"twitter:label1\" content=\"\u0648\u0642\u062a \u0627\u0644\u0642\u0631\u0627\u0621\u0629 \u0627\u0644\u0645\u064f\u0642\u062f\u0651\u0631\" \/>\n\t<meta name=\"twitter:data1\" content=\"\u062f\u0642\u064a\u0642\u0629 \u0648\u0627\u062d\u062f\u0629\" \/>\n<script type=\"application\/ld+json\" class=\"yoast-schema-graph\">{\"@context\":\"https:\/\/schema.org\",\"@graph\":[{\"@type\":\"Organization\",\"@id\":\"https:\/\/superproje.com\/#organization\",\"name\":\"S\u00fcper Proje Pazarlama\",\"url\":\"https:\/\/superproje.com\/\",\"sameAs\":[\"https:\/\/www.facebook.com\/superproje\",\"https:\/\/www.instagram.com\/superproje\",\"https:\/\/www.linkedin.com\/company\/superprojectmarketing\"],\"logo\":{\"@type\":\"ImageObject\",\"@id\":\"https:\/\/superproje.com\/#logo\",\"inLanguage\":\"ar\",\"url\":\"https:\/\/superproje.com\/wp-content\/uploads\/2022\/02\/site-logo.png\",\"contentUrl\":\"https:\/\/superproje.com\/wp-content\/uploads\/2022\/02\/site-logo.png\",\"width\":500,\"height\":160,\"caption\":\"S\u00fcper Proje Pazarlama\"},\"image\":{\"@id\":\"https:\/\/superproje.com\/#logo\"}},{\"@type\":\"WebSite\",\"@id\":\"https:\/\/superproje.com\/#website\",\"url\":\"https:\/\/superproje.com\/\",\"name\":\"S\u00fcper Proje Pazarlama\",\"description\":\"T\u00fcrkiye&#039;nin 1 Numaral\u0131 Gayrimenkul Proje Pazarlama \u015eirketi\",\"publisher\":{\"@id\":\"https:\/\/superproje.com\/#organization\"},\"potentialAction\":[{\"@type\":\"SearchAction\",\"target\":{\"@type\":\"EntryPoint\",\"urlTemplate\":\"https:\/\/superproje.com\/?s={search_term_string}\"},\"query-input\":\"required name=search_term_string\"}],\"inLanguage\":\"ar\"},{\"@type\":\"WebPage\",\"@id\":\"https:\/\/superproje.com\/basinda-super-proje\/#webpage\",\"url\":\"https:\/\/superproje.com\/basinda-super-proje\/\",\"name\":\"Bas\u0131nda S\u00fcper Proje - S\u00fcper Proje Pazarlama\",\"isPartOf\":{\"@id\":\"https:\/\/superproje.com\/#website\"},\"datePublished\":\"2022-03-26T11:29:59+00:00\",\"dateModified\":\"2022-03-28T10:31:02+00:00\",\"breadcrumb\":{\"@id\":\"https:\/\/superproje.com\/basinda-super-proje\/#breadcrumb\"},\"inLanguage\":\"ar\",\"potentialAction\":[{\"@type\":\"ReadAction\",\"target\":[\"https:\/\/superproje.com\/basinda-super-proje\/\"]}]},{\"@type\":\"BreadcrumbList\",\"@id\":\"https:\/\/superproje.com\/basinda-super-proje\/#breadcrumb\",\"itemListElement\":[{\"@type\":\"ListItem\",\"position\":1,\"name\":\"Home\",\"item\":\"https:\/\/superproje.com\/\"},{\"@type\":\"ListItem\",\"position\":2,\"name\":\"Bas\u0131nda S\u00fcper Proje\"}]}]}<\/script>\n<!-- \/ Yoast SEO plugin. -->","yoast_head_json":{"title":"Bas\u0131nda S\u00fcper Proje - S\u00fcper Proje Pazarlama","robots":{"index":"index","follow":"follow","max-snippet":"max-snippet:-1","max-image-preview":"max-image-preview:large","max-video-preview":"max-video-preview:-1"},"canonical":"https:\/\/superproje.com\/ar\/basinda-super-proje\/","og_locale":"ar_AR","og_type":"article","og_title":"Bas\u0131nda S\u00fcper Proje - S\u00fcper Proje Pazarlama","og_url":"https:\/\/superproje.com\/ar\/basinda-super-proje\/","og_site_name":"S\u00fcper Proje Pazarlama","article_publisher":"https:\/\/www.facebook.com\/superproje","article_modified_time":"2022-03-28T10:31:02+00:00","twitter_card":"summary_large_image","twitter_misc":{"\u0648\u0642\u062a \u0627\u0644\u0642\u0631\u0627\u0621\u0629 \u0627\u0644\u0645\u064f\u0642\u062f\u0651\u0631":"\u062f\u0642\u064a\u0642\u0629 \u0648\u0627\u062d\u062f\u0629"},"schema":{"@context":"https:\/\/schema.org","@graph":[{"@type":"Organization","@id":"https:\/\/superproje.com\/#organization","name":"S\u00fcper Proje Pazarlama","url":"https:\/\/superproje.com\/","sameAs":["https:\/\/www.facebook.com\/superproje","https:\/\/www.instagram.com\/superproje","https:\/\/www.linkedin.com\/company\/superprojectmarketing"],"logo":{"@type":"ImageObject","@id":"https:\/\/superproje.com\/#logo","inLanguage":"ar","url":"https:\/\/superproje.com\/wp-content\/uploads\/2022\/02\/site-logo.png","contentUrl":"https:\/\/superproje.com\/wp-content\/uploads\/2022\/02\/site-logo.png","width":500,"height":160,"caption":"S\u00fcper Proje Pazarlama"},"image":{"@id":"https:\/\/superproje.com\/#logo"}},{"@type":"WebSite","@id":"https:\/\/superproje.com\/#website","url":"https:\/\/superproje.com\/","name":"S\u00fcper Proje Pazarlama","description":"T\u00fcrkiye&#039;nin 1 Numaral\u0131 Gayrimenkul Proje Pazarlama \u015eirketi","publisher":{"@id":"https:\/\/superproje.com\/#organization"},"potentialAction":[{"@type":"SearchAction","target":{"@type":"EntryPoint","urlTemplate":"https:\/\/superproje.com\/?s={search_term_string}"},"query-input":"required name=search_term_string"}],"inLanguage":"ar"},{"@type":"WebPage","@id":"https:\/\/superproje.com\/basinda-super-proje\/#webpage","url":"https:\/\/superproje.com\/basinda-super-proje\/","name":"Bas\u0131nda S\u00fcper Proje - S\u00fcper Proje Pazarlama","isPartOf":{"@id":"https:\/\/superproje.com\/#website"},"datePublished":"2022-03-26T11:29:59+00:00","dateModified":"2022-03-28T10:31:02+00:00","breadcrumb":{"@id":"https:\/\/superproje.com\/basinda-super-proje\/#breadcrumb"},"inLanguage":"ar","potentialAction":[{"@type":"ReadAction","target":["https:\/\/superproje.com\/basinda-super-proje\/"]}]},{"@type":"BreadcrumbList","@id":"https:\/\/superproje.com\/basinda-super-proje\/#breadcrumb","itemListElement":[{"@type":"ListItem","position":1,"name":"Home","item":"https:\/\/superproje.com\/"},{"@type":"ListItem","position":2,"name":"Bas\u0131nda S\u00fcper Proje"}]}]}},"_links":{"self":[{"href":"https:\/\/superproje.com\/ar\/wp-json\/wp\/v2\/pages\/17488"}],"collection":[{"href":"https:\/\/superproje.com\/ar\/wp-json\/wp\/v2\/pages"}],"about":[{"href":"https:\/\/superproje.com\/ar\/wp-json\/wp\/v2\/types\/page"}],"author":[{"embeddable":true,"href":"https:\/\/superproje.com\/ar\/wp-json\/wp\/v2\/users\/2"}],"replies":[{"embeddable":true,"href":"https:\/\/superproje.com\/ar\/wp-json\/wp\/v2\/comments?post=17488"}],"version-history":[{"count":10,"href":"https:\/\/superproje.com\/ar\/wp-json\/wp\/v2\/pages\/17488\/revisions"}],"predecessor-version":[{"id":17657,"href":"https:\/\/superproje.com\/ar\/wp-json\/wp\/v2\/pages\/17488\/revisions\/17657"}],"wp:attachment":[{"href":"https:\/\/superproje.com\/ar\/wp-json\/wp\/v2\/media?parent=17488"}],"curies":[{"name":"wp","href":"https:\/\/api.w.org\/{rel}","templated":true}]}}