{"id":17828,"date":"2022-08-23T09:54:38","date_gmt":"2022-08-23T09:54:38","guid":{"rendered":"https:\/\/superproje.com\/?page_id=17828"},"modified":"2026-04-07T10:48:04","modified_gmt":"2026-04-07T10:48:04","slug":"satisi-devam-eden-projelerimiz","status":"publish","type":"page","link":"https:\/\/superproje.com\/ar\/satisi-devam-eden-projelerimiz\/","title":{"rendered":"\u0627\u0644\u0645\u0634\u0627\u0631\u064a\u0639 \u0627\u0644\u062a\u064a \u0646\u0639\u0645\u0644 \u0628\u0647\u0627"},"content":{"rendered":"<div class=\"vc-custom-col-spacing clearfix vc-col-spacing-30\"><section class=\"wpb_row vc_row-fluid row-content-position-Default\"><div class=\"startflow-container\"><div class=\"row-inner clearfix\"><div class=\"wpb_column vc_column_container vc_col-sm-12\"><div class=\"vc_column-inner\"><div class=\"wpb_wrapper\">\r\n\t<div class=\"startflow-spacer clearfix\" data-desktop=\"60\" data-mobi=\"60\" data-smobi=\"60\"><\/div><\/div><\/div><\/div><\/div><\/div><\/section><\/div><div class=\"vc-custom-col-spacing clearfix vc-col-spacing-30\"><section class=\"wpb_row vc_row-fluid row-content-position-Default\"><div class=\"startflow-container\"><div class=\"row-inner clearfix\"><div class=\"wpb_column vc_column_container vc_col-sm-4\"><div class=\"vc_column-inner\"><div class=\"wpb_wrapper\">\r\n<div class=\"startflow-project arrow-center bullet-square offsetcenter offset-v0\" data-auto=\"false\" data-column=\"1\" data-column2=\"1\" data-column3=\"1\" data-gap=\"0\">\r\n<div style=\"\">\r\n\r\n\t\r\n\t<div class=\"owl-carousel owl-theme\">\r\n\t    \t\t\t<div class=\"project-box style-2\">\r\n\t\t\t\t<div class=\"inner\">\r\n\t\t\t\t\t<div class=\"project-wrap\"><div class=\"project-image\"><div class=\"inner\"><img width=\"640\" height=\"480\" src=\"https:\/\/superproje.com\/wp-content\/uploads\/2026\/04\/WhatsApp-Image-2026-04-08-at-5.42.12-PM-640x480.jpeg\" class=\"attachment-startflow-rectangle3 size-startflow-rectangle3 wp-post-image\" alt=\"\" decoding=\"async\" loading=\"lazy\" \/><div class=\"project-text\"><h4 class=\"title\"><a href=\"https:\/\/superproje.com\/ar\/project\/bizim-evler-12\/\" title=\"Bizim Evler 12\">Bizim Evler 12<\/a><\/h4><\/div><\/div><h4 class=\"title\"><a href=\"https:\/\/superproje.com\/ar\/project\/bizim-evler-12\/\" title=\"Bizim Evler 12\">Bizim Evler 12<\/a><\/h4><div class=\"terms\"><a class=\"473-unite\" href=\"https:\/\/superproje.com\/ar\/project_category\/473-unite\/\">473 \u0648\u062d\u062f\u0629 \u0633\u0643\u0646\u064a\u0629<\/a> \/ <a class=\"ispartakule\" href=\"https:\/\/superproje.com\/ar\/project_category\/ispartakule\/\">Ispartakule<\/a><\/div><\/div><\/div>                <\/div>\r\n\t\t\t<\/div><!-- \/.project-box -->\r\n\t\t\t<\/div><!-- \/.owl-carousel -->\r\n\r\n\r\n<\/div>\r\n<\/div><!-- \/.startflow-project -->\r\n\r\n<\/div><\/div><\/div><div class=\"wpb_column vc_column_container vc_col-sm-4\"><div class=\"vc_column-inner\"><div class=\"wpb_wrapper\">\r\n<div class=\"startflow-project arrow-center bullet-square offsetcenter offset-v0\" data-auto=\"false\" data-column=\"1\" data-column2=\"1\" data-column3=\"1\" data-gap=\"0\">\r\n<div style=\"\">\r\n\r\n\t\r\n\t<div class=\"owl-carousel owl-theme\">\r\n\t    \t\t\t<div class=\"project-box style-2\">\r\n\t\t\t\t<div class=\"inner\">\r\n\t\t\t\t\t<div class=\"project-wrap\"><div class=\"project-image\"><div class=\"inner\"><img width=\"640\" height=\"480\" src=\"https:\/\/superproje.com\/wp-content\/uploads\/2023\/05\/WhatsApp-Image-2023-08-29-at-6.27.34-PM-640x480.jpeg\" class=\"attachment-startflow-rectangle3 size-startflow-rectangle3 wp-post-image\" alt=\"\" decoding=\"async\" loading=\"lazy\" \/><div class=\"project-text\"><h4 class=\"title\"><a href=\"https:\/\/superproje.com\/ar\/project\/bizim-evler-11\/\" title=\"Bizim Evler 11\">Bizim Evler 11<\/a><\/h4><\/div><\/div><h4 class=\"title\"><a href=\"https:\/\/superproje.com\/ar\/project\/bizim-evler-11\/\" title=\"Bizim Evler 11\">Bizim Evler 11<\/a><\/h4><div class=\"terms\"><a class=\"582-unite\" href=\"https:\/\/superproje.com\/ar\/project_category\/582-unite\/\">582 \u0648\u062d\u062f\u0629 \u0633\u0643\u0646\u064a\u0629<\/a> \/ <a class=\"ispartakule\" href=\"https:\/\/superproje.com\/ar\/project_category\/ispartakule\/\">Ispartakule<\/a><\/div><\/div><\/div>                <\/div>\r\n\t\t\t<\/div><!-- \/.project-box -->\r\n\t\t\t<\/div><!-- \/.owl-carousel -->\r\n\r\n\r\n<\/div>\r\n<\/div><!-- \/.startflow-project -->\r\n\r\n<\/div><\/div><\/div><div class=\"wpb_column vc_column_container vc_col-sm-4\"><div class=\"vc_column-inner\"><div class=\"wpb_wrapper\">\r\n<div class=\"startflow-project arrow-center bullet-square offsetcenter offset-v0\" data-auto=\"false\" data-column=\"1\" data-column2=\"1\" data-column3=\"1\" data-gap=\"0\">\r\n<div style=\"\">\r\n\r\n\t\r\n\t<div class=\"owl-carousel owl-theme\">\r\n\t    \t\t\t<div class=\"project-box style-2\">\r\n\t\t\t\t<div class=\"inner\">\r\n\t\t\t\t\t<div class=\"project-wrap\"><div class=\"project-image\"><div class=\"inner\"><img width=\"640\" height=\"479\" src=\"https:\/\/superproje.com\/wp-content\/uploads\/2022\/03\/bizimevler_10_render_montaj_0000-1.jpg\" class=\"attachment-startflow-rectangle3 size-startflow-rectangle3 wp-post-image\" alt=\"\" decoding=\"async\" loading=\"lazy\" srcset=\"https:\/\/superproje.com\/wp-content\/uploads\/2022\/03\/bizimevler_10_render_montaj_0000-1.jpg 640w, https:\/\/superproje.com\/wp-content\/uploads\/2022\/03\/bizimevler_10_render_montaj_0000-1-300x225.jpg 300w\" sizes=\"(max-width: 640px) 100vw, 640px\" \/><div class=\"project-text\"><h4 class=\"title\"><a href=\"https:\/\/superproje.com\/ar\/project\/bizim-evler-10\/\" title=\"Bizim Evler 10\">Bizim Evler 10<\/a><\/h4><\/div><\/div><h4 class=\"title\"><a href=\"https:\/\/superproje.com\/ar\/project\/bizim-evler-10\/\" title=\"Bizim Evler 10 \">Bizim Evler 10 <\/a><\/h4><div class=\"terms\"><a class=\"641-unite\" href=\"https:\/\/superproje.com\/ar\/project_category\/641-unite\/\">641 \u0648\u062d\u062f\u0629 \u0633\u0643\u0646\u064a\u0629<\/a> \/ <a class=\"avcilar\" href=\"https:\/\/superproje.com\/ar\/project_category\/avcilar\/\">Avc\u0131lar<\/a> \/ <a class=\"ispartakule\" href=\"https:\/\/superproje.com\/ar\/project_category\/ispartakule\/\">Ispartakule<\/a><\/div><\/div><\/div>                <\/div>\r\n\t\t\t<\/div><!-- \/.project-box -->\r\n\t\t\t<\/div><!-- \/.owl-carousel -->\r\n\r\n\r\n<\/div>\r\n<\/div><!-- \/.startflow-project -->\r\n\r\n<\/div><\/div><\/div><\/div><\/div><\/section><\/div><div class=\"vc-custom-col-spacing clearfix vc-col-spacing-30\"><section class=\"wpb_row vc_row-fluid row-content-position-Default\"><div class=\"startflow-container\"><div class=\"row-inner clearfix\"><div class=\"wpb_column vc_column_container vc_col-sm-4\"><div class=\"vc_column-inner\"><div class=\"wpb_wrapper\">\r\n<div class=\"startflow-project arrow-center bullet-square offsetcenter offset-v0\" data-auto=\"false\" data-column=\"1\" data-column2=\"1\" data-column3=\"1\" data-gap=\"0\">\r\n<div style=\"\">\r\n\r\n\t\r\n\t<div class=\"owl-carousel owl-theme\">\r\n\t    \t\t\t<div class=\"project-box style-2\">\r\n\t\t\t\t<div class=\"inner\">\r\n\t\t\t\t\t<div class=\"project-wrap\"><div class=\"project-image\"><div class=\"inner\"><img width=\"640\" height=\"480\" src=\"https:\/\/superproje.com\/wp-content\/uploads\/2019\/06\/640480.jpg\" class=\"attachment-startflow-rectangle3 size-startflow-rectangle3 wp-post-image\" alt=\"\" decoding=\"async\" loading=\"lazy\" srcset=\"https:\/\/superproje.com\/wp-content\/uploads\/2019\/06\/640480.jpg 640w, https:\/\/superproje.com\/wp-content\/uploads\/2019\/06\/640480-300x225.jpg 300w\" sizes=\"(max-width: 640px) 100vw, 640px\" \/><div class=\"project-text\"><h4 class=\"title\"><a href=\"https:\/\/superproje.com\/ar\/project\/bizim-evler-9\/\" title=\"Bizim Evler 9\">Bizim Evler 9<\/a><\/h4><\/div><\/div><h4 class=\"title\"><a href=\"https:\/\/superproje.com\/ar\/project\/bizim-evler-9\/\" title=\"Bizim Evler 9\">Bizim Evler 9<\/a><\/h4><div class=\"terms\"><a class=\"145-unite\" href=\"https:\/\/superproje.com\/ar\/project_category\/145-unite\/\">145 \u0648\u062d\u062f\u0629 \u0633\u0643\u0646\u064a\u0629<\/a> \/ <a class=\"avcilar\" href=\"https:\/\/superproje.com\/ar\/project_category\/avcilar\/\">Avc\u0131lar<\/a> \/ <a class=\"ispartakule\" href=\"https:\/\/superproje.com\/ar\/project_category\/ispartakule\/\">Ispartakule<\/a><\/div><\/div><\/div>                <\/div>\r\n\t\t\t<\/div><!-- \/.project-box -->\r\n\t\t\t<\/div><!-- \/.owl-carousel -->\r\n\r\n\r\n<\/div>\r\n<\/div><!-- \/.startflow-project -->\r\n\r\n<\/div><\/div><\/div><div class=\"wpb_column vc_column_container vc_col-sm-4\"><div class=\"vc_column-inner\"><div class=\"wpb_wrapper\">\r\n<div class=\"startflow-project arrow-center bullet-square offsetcenter offset-v0\" data-auto=\"false\" data-column=\"1\" data-column2=\"1\" data-column3=\"1\" data-gap=\"0\">\r\n<div style=\"\">\r\n\r\n\t\r\n\t<div class=\"owl-carousel owl-theme\">\r\n\t    \t\t\t<div class=\"project-box style-2\">\r\n\t\t\t\t<div class=\"inner\">\r\n\t\t\t\t\t<div class=\"project-wrap\"><div class=\"project-image\"><div class=\"inner\"><img width=\"640\" height=\"480\" src=\"https:\/\/superproje.com\/wp-content\/uploads\/2024\/06\/kristal_17_blok_drone_0001-640x480.jpg\" class=\"attachment-startflow-rectangle3 size-startflow-rectangle3 wp-post-image\" alt=\"\" decoding=\"async\" loading=\"lazy\" \/><div class=\"project-text\"><h4 class=\"title\"><a href=\"https:\/\/superproje.com\/ar\/project\/kristal-kule\/\" title=\"Kristal Kule\">Kristal Kule<\/a><\/h4><\/div><\/div><h4 class=\"title\"><a href=\"https:\/\/superproje.com\/ar\/project\/kristal-kule\/\" title=\"Kristal Kule\">Kristal Kule<\/a><\/h4><div class=\"terms\"><a class=\"307-unite\" href=\"https:\/\/superproje.com\/ar\/project_category\/307-unite\/\">307 \u00dcnite<\/a> \/ <a class=\"beylikduzu\" href=\"https:\/\/superproje.com\/ar\/project_category\/beylikduzu\/\">Beylikd\u00fcz\u00fc<\/a><\/div><\/div><\/div>                <\/div>\r\n\t\t\t<\/div><!-- \/.project-box -->\r\n\t\t\t<\/div><!-- \/.owl-carousel -->\r\n\r\n\r\n<\/div>\r\n<\/div><!-- \/.startflow-project -->\r\n\r\n<\/div><\/div><\/div><div class=\"wpb_column vc_column_container vc_col-sm-4\"><div class=\"vc_column-inner\"><div class=\"wpb_wrapper\">\r\n<div class=\"startflow-project arrow-center bullet-square offsetcenter offset-v0\" data-auto=\"false\" data-column=\"1\" data-column2=\"1\" data-column3=\"1\" data-gap=\"0\">\r\n<div style=\"\">\r\n\r\n\t\r\n\t<div class=\"owl-carousel owl-theme\">\r\n\t    \t\t\t<div class=\"project-box style-2\">\r\n\t\t\t\t<div class=\"inner\">\r\n\t\t\t\t\t<div class=\"project-wrap\"><div class=\"project-image\"><div class=\"inner\"><img width=\"640\" height=\"480\" src=\"https:\/\/superproje.com\/wp-content\/uploads\/2025\/09\/WhatsApp-Image-2025-09-25-at-11.38.20-AM-4-640x480.jpeg\" class=\"attachment-startflow-rectangle3 size-startflow-rectangle3 wp-post-image\" alt=\"\" decoding=\"async\" loading=\"lazy\" srcset=\"https:\/\/superproje.com\/wp-content\/uploads\/2025\/09\/WhatsApp-Image-2025-09-25-at-11.38.20-AM-4-640x480.jpeg 640w, https:\/\/superproje.com\/wp-content\/uploads\/2025\/09\/WhatsApp-Image-2025-09-25-at-11.38.20-AM-4-14x12.jpeg 14w\" sizes=\"(max-width: 640px) 100vw, 640px\" \/><div class=\"project-text\"><h4 class=\"title\"><a href=\"https:\/\/superproje.com\/ar\/project\/the-almond-garden\/\" title=\"The Almond Garden\">The Almond Garden<\/a><\/h4><\/div><\/div><h4 class=\"title\"><a href=\"https:\/\/superproje.com\/ar\/project\/the-almond-garden\/\" title=\"The Almond Garden\">The Almond Garden<\/a><\/h4><div class=\"terms\"><a class=\"148-unite\" href=\"https:\/\/superproje.com\/ar\/project_category\/148-unite\/\">148 \u0648\u062d\u062f\u0629 \u0633\u0643\u0646\u064a\u0629<\/a> \/ <a class=\"acibadem\" href=\"https:\/\/superproje.com\/ar\/project_category\/acibadem\/\">Ac\u0131badem<\/a> \/ <a class=\"uskudar\" href=\"https:\/\/superproje.com\/ar\/project_category\/uskudar\/\">\u00dcsk\u00fcdar<\/a><\/div><\/div><\/div>                <\/div>\r\n\t\t\t<\/div><!-- \/.project-box -->\r\n\t\t\t<\/div><!-- \/.owl-carousel -->\r\n\r\n\r\n<\/div>\r\n<\/div><!-- \/.startflow-project -->\r\n\r\n<\/div><\/div><\/div><\/div><\/div><\/section><\/div><div class=\"vc-custom-col-spacing clearfix vc-col-spacing-30\"><section class=\"wpb_row vc_row-fluid row-content-position-Default\"><div class=\"startflow-container\"><div class=\"row-inner clearfix\"><div class=\"wpb_column vc_column_container vc_col-sm-4\"><div class=\"vc_column-inner\"><div class=\"wpb_wrapper\">\r\n<div class=\"startflow-project arrow-center bullet-square offsetcenter offset-v0\" data-auto=\"false\" data-column=\"1\" data-column2=\"1\" data-column3=\"1\" data-gap=\"0\">\r\n<div style=\"\">\r\n\r\n\t\r\n\t<div class=\"owl-carousel owl-theme\">\r\n\t    \t\t\t<div class=\"project-box style-2\">\r\n\t\t\t\t<div class=\"inner\">\r\n\t\t\t\t\t<div class=\"project-wrap\"><div class=\"project-image\"><div class=\"inner\"><img width=\"640\" height=\"480\" src=\"https:\/\/superproje.com\/wp-content\/uploads\/2024\/02\/WhatsApp-Image-2024-02-15-at-12.05.32-640x480.jpeg\" class=\"attachment-startflow-rectangle3 size-startflow-rectangle3 wp-post-image\" alt=\"\" decoding=\"async\" loading=\"lazy\" \/><div class=\"project-text\"><h4 class=\"title\"><a href=\"https:\/\/superproje.com\/ar\/project\/boulevard-istanbul\/\" title=\"Boulevard Istanbul\">Boulevard Istanbul<\/a><\/h4><\/div><\/div><h4 class=\"title\"><a href=\"https:\/\/superproje.com\/ar\/project\/boulevard-istanbul\/\" title=\"Boulevard Istanbul\">Boulevard Istanbul<\/a><\/h4><div class=\"terms\"><a class=\"256-unite\" href=\"https:\/\/superproje.com\/ar\/project_category\/256-unite\/\">256 \u0648\u062d\u062f\u0629 \u0633\u0643\u0646\u064a\u0629<\/a> \/ <a class=\"beylikduzu\" href=\"https:\/\/superproje.com\/ar\/project_category\/beylikduzu\/\">Beylikd\u00fcz\u00fc<\/a><\/div><\/div><\/div>                <\/div>\r\n\t\t\t<\/div><!-- \/.project-box -->\r\n\t\t\t<\/div><!-- \/.owl-carousel -->\r\n\r\n\r\n<\/div>\r\n<\/div><!-- \/.startflow-project -->\r\n\r\n<\/div><\/div><\/div><div class=\"wpb_column vc_column_container vc_col-sm-4\"><div class=\"vc_column-inner\"><div class=\"wpb_wrapper\">\r\n<div class=\"startflow-project arrow-center bullet-square offsetcenter offset-v0\" data-auto=\"false\" data-column=\"1\" data-column2=\"1\" data-column3=\"1\" data-gap=\"0\">\r\n<div style=\"\">\r\n\r\n\t\r\n\t<div class=\"owl-carousel owl-theme\">\r\n\t    \t\t\t<div class=\"project-box style-2\">\r\n\t\t\t\t<div class=\"inner\">\r\n\t\t\t\t\t<div class=\"project-wrap\"><div class=\"project-image\"><div class=\"inner\"><img width=\"640\" height=\"480\" src=\"https:\/\/superproje.com\/wp-content\/uploads\/2024\/05\/H-Birdview-Back-scaled-e1716020380140-640x480.jpg\" class=\"attachment-startflow-rectangle3 size-startflow-rectangle3 wp-post-image\" alt=\"\" decoding=\"async\" loading=\"lazy\" \/><div class=\"project-text\"><h4 class=\"title\"><a href=\"https:\/\/superproje.com\/ar\/project\/habitat\/\" title=\"Habitat\">Habitat<\/a><\/h4><\/div><\/div><h4 class=\"title\"><a href=\"https:\/\/superproje.com\/ar\/project\/habitat\/\" title=\"Habitat\">Habitat<\/a><\/h4><div class=\"terms\"><a class=\"1453-unite\" href=\"https:\/\/superproje.com\/ar\/project_category\/1453-unite\/\">1453 \u0648\u062d\u062f\u0629 \u0633\u0643\u0646\u064a\u0629<\/a> \/ <a class=\"girne-esentepe\" href=\"https:\/\/superproje.com\/ar\/project_category\/girne-esentepe\/\">Girne \/ Esentepe<\/a><\/div><\/div><\/div>                <\/div>\r\n\t\t\t<\/div><!-- \/.project-box -->\r\n\t\t\t<\/div><!-- \/.owl-carousel -->\r\n\r\n\r\n<\/div>\r\n<\/div><!-- \/.startflow-project -->\r\n\r\n<\/div><\/div><\/div><div class=\"wpb_column vc_column_container vc_col-sm-4\"><div class=\"vc_column-inner\"><div class=\"wpb_wrapper\">\r\n<div class=\"startflow-project arrow-center bullet-square offsetcenter offset-v0\" data-auto=\"false\" data-column=\"1\" data-column2=\"1\" data-column3=\"1\" data-gap=\"0\">\r\n<div style=\"\">\r\n\r\n\t\r\n\t<div class=\"owl-carousel owl-theme\">\r\n\t    \t\t\t<div class=\"project-box style-2\">\r\n\t\t\t\t<div class=\"inner\">\r\n\t\t\t\t\t<div class=\"project-wrap\"><div class=\"project-image\"><div class=\"inner\"><img width=\"640\" height=\"480\" src=\"https:\/\/superproje.com\/wp-content\/uploads\/2022\/03\/640480-11.jpg\" class=\"attachment-startflow-rectangle3 size-startflow-rectangle3 wp-post-image\" alt=\"\" decoding=\"async\" loading=\"lazy\" srcset=\"https:\/\/superproje.com\/wp-content\/uploads\/2022\/03\/640480-11.jpg 640w, https:\/\/superproje.com\/wp-content\/uploads\/2022\/03\/640480-11-300x225.jpg 300w\" sizes=\"(max-width: 640px) 100vw, 640px\" \/><div class=\"project-text\"><h4 class=\"title\"><a href=\"https:\/\/superproje.com\/ar\/project\/ionia-residence\/\" title=\"IONIA Residence\">IONIA Residence<\/a><\/h4><\/div><\/div><h4 class=\"title\"><a href=\"https:\/\/superproje.com\/ar\/project\/ionia-residence\/\" title=\"IONIA Residence\">IONIA Residence<\/a><\/h4><div class=\"terms\"><a class=\"atina\" href=\"https:\/\/superproje.com\/ar\/project_category\/atina\/\">Atina<\/a><\/div><\/div><\/div>                <\/div>\r\n\t\t\t<\/div><!-- \/.project-box -->\r\n\t\t\t<\/div><!-- \/.owl-carousel -->\r\n\r\n\r\n<\/div>\r\n<\/div><!-- \/.startflow-project -->\r\n\r\n<\/div><\/div><\/div><\/div><\/div><\/section><\/div><div class=\"vc-custom-col-spacing clearfix vc-col-spacing-30\"><section class=\"wpb_row vc_row-fluid row-content-position-Default\"><div class=\"startflow-container\"><div class=\"row-inner clearfix\"><div class=\"wpb_column vc_column_container vc_col-sm-12\"><div class=\"vc_column-inner\"><div class=\"wpb_wrapper\">\r\n\t<div class=\"startflow-spacer clearfix\" data-desktop=\"100\" data-mobi=\"60\" data-smobi=\"60\"><\/div><\/div><\/div><\/div><\/div><\/div><\/section><\/div>","protected":false},"excerpt":{"rendered":"IONIA Residence Geli\u015ftirici Firma Homesphere Investment IKE Teslim Tarihi Nisan 2024 Proje Alan\u0131 5.000 m2 Lokasyon Atina\/Yunanistan Hayat\u0131n Merkezinde Ya\u015farken L\u00fcks Ya\u015fam Tarz\u0131n\u0131n Tad\u0131n\u0131 \u00c7\u0131kar\u0131n! S\u00fcper projemiz Atina'n\u0131n kuzeyinde, Chalandri'ye yak\u0131n Nea Ionia b\u00f6lgesinde yer almaktad\u0131r.","protected":false},"author":2,"featured_media":0,"parent":0,"menu_order":0,"comment_status":"closed","ping_status":"closed","template":"","meta":[],"yoast_head":"<!-- This site is optimized with the Yoast SEO plugin v18.4.1 - https:\/\/yoast.com\/wordpress\/plugins\/seo\/ -->\n<title>Sat\u0131\u015f\u0131 Devam Eden Projelerimiz - S\u00fcper Proje Pazarlama<\/title>\n<meta name=\"robots\" content=\"index, follow, max-snippet:-1, max-image-preview:large, max-video-preview:-1\" \/>\n<link rel=\"canonical\" href=\"https:\/\/superproje.com\/ar\/satisi-devam-eden-projelerimiz\/\" \/>\n<meta property=\"og:locale\" content=\"ar_AR\" \/>\n<meta property=\"og:type\" content=\"article\" \/>\n<meta property=\"og:title\" content=\"Sat\u0131\u015f\u0131 Devam Eden Projelerimiz - S\u00fcper Proje Pazarlama\" \/>\n<meta property=\"og:url\" content=\"https:\/\/superproje.com\/ar\/satisi-devam-eden-projelerimiz\/\" \/>\n<meta property=\"og:site_name\" content=\"S\u00fcper Proje Pazarlama\" \/>\n<meta property=\"article:publisher\" content=\"https:\/\/www.facebook.com\/superproje\" \/>\n<meta property=\"article:modified_time\" content=\"2026-04-07T10:48:04+00:00\" \/>\n<meta name=\"twitter:card\" content=\"summary_large_image\" \/>\n<meta name=\"twitter:label1\" content=\"\u0648\u0642\u062a \u0627\u0644\u0642\u0631\u0627\u0621\u0629 \u0627\u0644\u0645\u064f\u0642\u062f\u0651\u0631\" \/>\n\t<meta name=\"twitter:data1\" content=\"\u062f\u0642\u064a\u0642\u0629 \u0648\u0627\u062d\u062f\u0629\" \/>\n<script type=\"application\/ld+json\" class=\"yoast-schema-graph\">{\"@context\":\"https:\/\/schema.org\",\"@graph\":[{\"@type\":\"Organization\",\"@id\":\"https:\/\/superproje.com\/#organization\",\"name\":\"S\u00fcper Proje Pazarlama\",\"url\":\"https:\/\/superproje.com\/\",\"sameAs\":[\"https:\/\/www.facebook.com\/superproje\",\"https:\/\/www.instagram.com\/superproje\",\"https:\/\/www.linkedin.com\/company\/superprojectmarketing\"],\"logo\":{\"@type\":\"ImageObject\",\"@id\":\"https:\/\/superproje.com\/#logo\",\"inLanguage\":\"ar\",\"url\":\"https:\/\/superproje.com\/wp-content\/uploads\/2022\/02\/site-logo.png\",\"contentUrl\":\"https:\/\/superproje.com\/wp-content\/uploads\/2022\/02\/site-logo.png\",\"width\":500,\"height\":160,\"caption\":\"S\u00fcper Proje Pazarlama\"},\"image\":{\"@id\":\"https:\/\/superproje.com\/#logo\"}},{\"@type\":\"WebSite\",\"@id\":\"https:\/\/superproje.com\/#website\",\"url\":\"https:\/\/superproje.com\/\",\"name\":\"S\u00fcper Proje Pazarlama\",\"description\":\"T\u00fcrkiye&#039;nin 1 Numaral\u0131 Gayrimenkul Proje Pazarlama \u015eirketi\",\"publisher\":{\"@id\":\"https:\/\/superproje.com\/#organization\"},\"potentialAction\":[{\"@type\":\"SearchAction\",\"target\":{\"@type\":\"EntryPoint\",\"urlTemplate\":\"https:\/\/superproje.com\/?s={search_term_string}\"},\"query-input\":\"required name=search_term_string\"}],\"inLanguage\":\"ar\"},{\"@type\":\"WebPage\",\"@id\":\"https:\/\/superproje.com\/satisi-devam-eden-projelerimiz\/#webpage\",\"url\":\"https:\/\/superproje.com\/satisi-devam-eden-projelerimiz\/\",\"name\":\"Sat\u0131\u015f\u0131 Devam Eden Projelerimiz - S\u00fcper Proje Pazarlama\",\"isPartOf\":{\"@id\":\"https:\/\/superproje.com\/#website\"},\"datePublished\":\"2022-08-23T09:54:38+00:00\",\"dateModified\":\"2026-04-07T10:48:04+00:00\",\"breadcrumb\":{\"@id\":\"https:\/\/superproje.com\/satisi-devam-eden-projelerimiz\/#breadcrumb\"},\"inLanguage\":\"ar\",\"potentialAction\":[{\"@type\":\"ReadAction\",\"target\":[\"https:\/\/superproje.com\/satisi-devam-eden-projelerimiz\/\"]}]},{\"@type\":\"BreadcrumbList\",\"@id\":\"https:\/\/superproje.com\/satisi-devam-eden-projelerimiz\/#breadcrumb\",\"itemListElement\":[{\"@type\":\"ListItem\",\"position\":1,\"name\":\"Home\",\"item\":\"https:\/\/superproje.com\/\"},{\"@type\":\"ListItem\",\"position\":2,\"name\":\"Sat\u0131\u015f\u0131 Devam Eden Projelerimiz\"}]}]}<\/script>\n<!-- \/ Yoast SEO plugin. -->","yoast_head_json":{"title":"Sat\u0131\u015f\u0131 Devam Eden Projelerimiz - S\u00fcper Proje Pazarlama","robots":{"index":"index","follow":"follow","max-snippet":"max-snippet:-1","max-image-preview":"max-image-preview:large","max-video-preview":"max-video-preview:-1"},"canonical":"https:\/\/superproje.com\/ar\/satisi-devam-eden-projelerimiz\/","og_locale":"ar_AR","og_type":"article","og_title":"Sat\u0131\u015f\u0131 Devam Eden Projelerimiz - S\u00fcper Proje Pazarlama","og_url":"https:\/\/superproje.com\/ar\/satisi-devam-eden-projelerimiz\/","og_site_name":"S\u00fcper Proje Pazarlama","article_publisher":"https:\/\/www.facebook.com\/superproje","article_modified_time":"2026-04-07T10:48:04+00:00","twitter_card":"summary_large_image","twitter_misc":{"\u0648\u0642\u062a \u0627\u0644\u0642\u0631\u0627\u0621\u0629 \u0627\u0644\u0645\u064f\u0642\u062f\u0651\u0631":"\u062f\u0642\u064a\u0642\u0629 \u0648\u0627\u062d\u062f\u0629"},"schema":{"@context":"https:\/\/schema.org","@graph":[{"@type":"Organization","@id":"https:\/\/superproje.com\/#organization","name":"S\u00fcper Proje Pazarlama","url":"https:\/\/superproje.com\/","sameAs":["https:\/\/www.facebook.com\/superproje","https:\/\/www.instagram.com\/superproje","https:\/\/www.linkedin.com\/company\/superprojectmarketing"],"logo":{"@type":"ImageObject","@id":"https:\/\/superproje.com\/#logo","inLanguage":"ar","url":"https:\/\/superproje.com\/wp-content\/uploads\/2022\/02\/site-logo.png","contentUrl":"https:\/\/superproje.com\/wp-content\/uploads\/2022\/02\/site-logo.png","width":500,"height":160,"caption":"S\u00fcper Proje Pazarlama"},"image":{"@id":"https:\/\/superproje.com\/#logo"}},{"@type":"WebSite","@id":"https:\/\/superproje.com\/#website","url":"https:\/\/superproje.com\/","name":"S\u00fcper Proje Pazarlama","description":"T\u00fcrkiye&#039;nin 1 Numaral\u0131 Gayrimenkul Proje Pazarlama \u015eirketi","publisher":{"@id":"https:\/\/superproje.com\/#organization"},"potentialAction":[{"@type":"SearchAction","target":{"@type":"EntryPoint","urlTemplate":"https:\/\/superproje.com\/?s={search_term_string}"},"query-input":"required name=search_term_string"}],"inLanguage":"ar"},{"@type":"WebPage","@id":"https:\/\/superproje.com\/satisi-devam-eden-projelerimiz\/#webpage","url":"https:\/\/superproje.com\/satisi-devam-eden-projelerimiz\/","name":"Sat\u0131\u015f\u0131 Devam Eden Projelerimiz - S\u00fcper Proje Pazarlama","isPartOf":{"@id":"https:\/\/superproje.com\/#website"},"datePublished":"2022-08-23T09:54:38+00:00","dateModified":"2026-04-07T10:48:04+00:00","breadcrumb":{"@id":"https:\/\/superproje.com\/satisi-devam-eden-projelerimiz\/#breadcrumb"},"inLanguage":"ar","potentialAction":[{"@type":"ReadAction","target":["https:\/\/superproje.com\/satisi-devam-eden-projelerimiz\/"]}]},{"@type":"BreadcrumbList","@id":"https:\/\/superproje.com\/satisi-devam-eden-projelerimiz\/#breadcrumb","itemListElement":[{"@type":"ListItem","position":1,"name":"Home","item":"https:\/\/superproje.com\/"},{"@type":"ListItem","position":2,"name":"Sat\u0131\u015f\u0131 Devam Eden Projelerimiz"}]}]}},"_links":{"self":[{"href":"https:\/\/superproje.com\/ar\/wp-json\/wp\/v2\/pages\/17828"}],"collection":[{"href":"https:\/\/superproje.com\/ar\/wp-json\/wp\/v2\/pages"}],"about":[{"href":"https:\/\/superproje.com\/ar\/wp-json\/wp\/v2\/types\/page"}],"author":[{"embeddable":true,"href":"https:\/\/superproje.com\/ar\/wp-json\/wp\/v2\/users\/2"}],"replies":[{"embeddable":true,"href":"https:\/\/superproje.com\/ar\/wp-json\/wp\/v2\/comments?post=17828"}],"version-history":[{"count":40,"href":"https:\/\/superproje.com\/ar\/wp-json\/wp\/v2\/pages\/17828\/revisions"}],"predecessor-version":[{"id":18439,"href":"https:\/\/superproje.com\/ar\/wp-json\/wp\/v2\/pages\/17828\/revisions\/18439"}],"wp:attachment":[{"href":"https:\/\/superproje.com\/ar\/wp-json\/wp\/v2\/media?parent=17828"}],"curies":[{"name":"wp","href":"https:\/\/api.w.org\/{rel}","templated":true}]}}