{"id":1339,"date":"2017-10-16T13:54:07","date_gmt":"2017-10-16T13:54:07","guid":{"rendered":"http:\/\/ninzio.com\/startflow\/?page_id=1339"},"modified":"2023-04-03T15:33:33","modified_gmt":"2023-04-03T15:33:33","slug":"iletisim","status":"publish","type":"page","link":"https:\/\/superproje.com\/en\/iletisim\/","title":{"rendered":"Contact Us"},"content":{"rendered":"<div class=\"vc-custom-col-spacing clearfix vc-col-spacing-30\"><section class=\"wpb_row vc_row-fluid vc_custom_1648459523012 vc_row-has-fill row-content-position-Default\"><div class=\"startflow-container\"><div class=\"row-inner clearfix\"><div class=\"wpb_column vc_column_container vc_col-sm-12\"><div class=\"vc_column-inner\"><div class=\"wpb_wrapper\">\r\n\t<div class=\"startflow-spacer clearfix\" data-desktop=\"100\" data-mobi=\"60\" data-smobi=\"60\"><\/div><div class=\"startflow-content-box clearfix\" ><div class=\"vc-custom-col-inner-spacing clearfix vc-col-inner-spacing-30\"><div class=\"wpb_row vc_inner vc_row-fluid\"><div class=\"wpb_column vc_column_container vc_col-sm-6\"><div class=\"vc_column-inner\"><div class=\"wpb_wrapper\">\r\n\t<div class=\"startflow-spacer clearfix\" data-desktop=\"40\" data-mobi=\"0\" data-smobi=\"0\"><\/div><div class=\"startflow-single-heading clearfix\" style=\"margin-bottom:20px;\"><span class=\"inner\"><span class=\"heading clearfix\" style=\"color:#ffffff;font-size:20px;\">\r\n\t\tContact Us\r\n\t<\/span><\/span><\/div><div class=\"startflow-headings clearfix\"  style=\"\"><h2 class=\"heading clearfix\" style=\"color:#ffffff;max-width:500px;margin-bottom:12px;\">\r\n\t\tYou can contact us for all your questions.\r\n\t<\/h2><p class=\"sub-heading clearfix\" style=\"font-style:normal;color:#cacaca;font-size:16px;line-height:29px;max-width:480px;\">\r\n\t\tTo contact us, you can use the information below or fill out the form. Our team will get back to you as soon as possible.\r\n\t<\/p><\/div>\r\n\t<div class=\"startflow-spacer clearfix\" data-desktop=\"50\" data-mobi=\"30\" data-smobi=\"30\"><\/div><div class=\"startflow-content-box clearfix\" data-padding=\"0px 0px 20px 0px\" data-mobipadding=\"0px 0px 20px 0px\" data-margin=\"0px 30px 0px 0px\" data-mobimargin=\"0px 0px 0px 0px\" >\r\n\t\t<div class=\"inner ctb-125346323\" style=\"\"  data-background=\"\" data-border-color=\"rgba(231,231,231,0.2)\" data-border-width=\"0px 0px 1px 0px\" data-shadow-hover=\" 0px 20px 70px 0px rgba(0,0,0,0.05)\">\r\n\t\t\t<div class=\"startflow-icon-box clearfix icon-left align-left  simple\" style=\"\" ><div class=\"wrap-inner\" style=\"position: relative;\"><div class=\"startflow-icon icon-1846347119 custom custom\"  data-icon=\"#ffffff\" data-background=\"\">\r\n\t\t\t\t<span class=\"icon\" style=\"font-size:65px;width:58px;height:65px;border-style:solid;line-height:65px;\"><i class=\"pe-7s-map-2\"><\/i><\/span>\r\n\t\t\t<\/div> <h3 class=\"heading  white\" style=\"padding-left:90px;color:#ffffff;font-size:18px;padding-top:10px;\">\r\n\t\t\t<span>Head Office<\/span>\r\n\t\t<\/h3><div class=\"desc\" style=\"padding-left:90px;color:#cacaca;\"><div>Bah\u00e7e\u015fehir 2. K\u0131s\u0131m Mahallesi Mercedes Bulvar\u0131 No26\/D Ba\u015fak\u015fehir \/ \u0130stanbul<\/div>\n<\/div> <\/div><\/div>\r\n\t\t<\/div>\r\n\t<\/div><div class=\"startflow-content-box clearfix\" data-padding=\"20px 0px 20px 0px\" data-mobipadding=\"20px 0px 20px 0px\" data-margin=\"0px 30px 0px 0px\" data-mobimargin=\"0px 0px 0px 0px\" >\r\n\t\t<div class=\"inner ctb-359896197\" style=\"\"  data-background=\"\" data-border-color=\"rgba(231,231,231,0.2)\" data-border-width=\"0px 0px 1px 0px\" data-shadow-hover=\" 0px 20px 70px 0px rgba(0,0,0,0.05)\">\r\n\t\t\t<div class=\"startflow-icon-box clearfix icon-left align-left  simple\" style=\"\" ><div class=\"wrap-inner\" style=\"position: relative;\"><div class=\"startflow-icon icon-388059888 custom custom\"  data-icon=\"#ffffff\" data-background=\"\">\r\n\t\t\t\t<span class=\"icon\" style=\"font-size:65px;width:58px;height:65px;border-style:solid;line-height:65px;\"><i class=\"pe-7s-comment\"><\/i><\/span>\r\n\t\t\t<\/div> <h3 class=\"heading  white\" style=\"padding-left:90px;color:#ffffff;font-size:18px;padding-top:10px;\">\r\n\t\t\t<span>Phone<\/span>\r\n\t\t<\/h3><div class=\"desc\" style=\"padding-left:90px;color:#cacaca;\"><p>+90 212 741 41 12<\/p>\n<\/div> <\/div><\/div>\r\n\t\t<\/div>\r\n\t<\/div><div class=\"startflow-content-box clearfix\" data-padding=\"20px 0px 0px 0px\" data-mobipadding=\"20px 0px 0px 0px\" data-margin=\"0px 30px 0px 0px\" data-mobimargin=\"0px 0px 0px 0px\" >\r\n\t\t<div class=\"inner ctb-692191240\" style=\"\"  data-background=\"\" data-shadow-hover=\" 0px 20px 70px 0px rgba(0,0,0,0.05)\">\r\n\t\t\t<div class=\"startflow-icon-box clearfix icon-left align-left  simple\" style=\"\" ><div class=\"wrap-inner\" style=\"position: relative;\"><div class=\"startflow-icon icon-836885194 custom custom\"  data-icon=\"#ffffff\" data-background=\"\">\r\n\t\t\t\t<span class=\"icon\" style=\"font-size:65px;width:58px;height:65px;border-style:solid;line-height:65px;\"><i class=\"pe-7s-mail-open-file\"><\/i><\/span>\r\n\t\t\t<\/div> <h3 class=\"heading  white\" style=\"padding-left:90px;color:#ffffff;font-size:18px;padding-top:10px;\">\r\n\t\t\t<span>Email<\/span>\r\n\t\t<\/h3><div class=\"desc\" style=\"padding-left:90px;color:#cacaca;\"><div style=\"font-size: 16px;\">hello@superproje.com<\/div>\n<\/div> <\/div><\/div>\r\n\t\t<\/div>\r\n\t<\/div>\r\n\t<div class=\"startflow-spacer clearfix\" data-desktop=\"0\" data-mobi=\"45\" data-smobi=\"45\"><\/div><\/div><\/div><\/div><div class=\"wpb_column vc_column_container vc_col-sm-6\"><div class=\"vc_column-inner\"><div class=\"wpb_wrapper\"><div class=\"startflow-content-box clearfix  wow fadeInRight\" data-padding=\"60px 80px 70px\" data-mobipadding=\"50px 80px 70px\" data-margin=\"\" data-mobimargin=\"\"  data-wow-duration=\"0.75s\" data-wow-delay=\"0.3s\">\r\n\t\t<div class=\"inner ctb-1711327289\" style=\"\"  data-background=\"#ffffff\" data-rounded=\"8px\">\r\n\t\t\t<div class=\"startflow-headings clearfix text-center\" data-font=\"28\" style=\"\"><h2 class=\"heading clearfix\" style=\"margin-bottom:25px;font-size:28px;\">\r\n\t\tContact Form\r\n\t<\/h2><p class=\"sub-heading clearfix\" style=\"font-style:normal;font-size:14px;line-height:22px;max-width:410px;margin-left: auto; margin-right: auto;\">\r\n\t\tYou can contact us by filling out the form. Our team will get back to you as soon as possible.\r\n\t<\/p><\/div>\r\n\t<div class=\"startflow-spacer clearfix\" data-desktop=\"43\" data-mobi=\"30\" data-smobi=\"30\"><\/div>\n<div class=\"wpcf7 no-js\" id=\"wpcf7-f4437-o1\" lang=\"en-US\" dir=\"ltr\">\n<div class=\"screen-reader-response\"><p role=\"status\" aria-live=\"polite\" aria-atomic=\"true\"><\/p> <ul><\/ul><\/div>\n<form action=\"\/en\/wp-json\/wp\/v2\/pages\/1339#wpcf7-f4437-o1\" method=\"post\" class=\"wpcf7-form init\" aria-label=\"Contact form\" novalidate=\"novalidate\" data-status=\"init\" data-trp-original-action=\"\/en\/wp-json\/wp\/v2\/pages\/1339#wpcf7-f4437-o1\">\n<div style=\"display: none;\">\n<input type=\"hidden\" name=\"_wpcf7\" value=\"4437\" \/>\n<input type=\"hidden\" name=\"_wpcf7_version\" value=\"5.7.5.1\" \/>\n<input type=\"hidden\" name=\"_wpcf7_locale\" value=\"en_US\" \/>\n<input type=\"hidden\" name=\"_wpcf7_unit_tag\" value=\"wpcf7-f4437-o1\" \/>\n<input type=\"hidden\" name=\"_wpcf7_container_post\" value=\"0\" \/>\n<input type=\"hidden\" name=\"_wpcf7_posted_data_hash\" value=\"\" \/>\n<input type=\"hidden\" name=\"_wpcf7_recaptcha_response\" value=\"\" \/>\n<\/div>\n<div class=\"cf7-style-1 button-center\">\n\t<div class=\"name-wrap\">\n\t\t<p><span class=\"wpcf7-form-control-wrap\" data-name=\"your-name\"><input size=\"40\" class=\"wpcf7-form-control wpcf7-text wpcf7-validates-as-required\" aria-required=\"true\" aria-invalid=\"false\" placeholder=\"Your Name\" value=\"\" type=\"text\" name=\"your-name\" \/><\/span>\n\t\t<\/p>\n\t<\/div>\n\t<div class=\"phone-wrap\">\n\t\t<p><span class=\"wpcf7-form-control-wrap\" data-name=\"your-phone\"><input size=\"40\" class=\"wpcf7-form-control wpcf7-text wpcf7-tel wpcf7-validates-as-required wpcf7-validates-as-tel\" aria-required=\"true\" aria-invalid=\"false\" placeholder=\"Your Phone\" value=\"\" type=\"tel\" name=\"your-phone\" \/><\/span>\n\t\t<\/p>\n\t<\/div>\n\t<div class=\"email-wrap\">\n\t\t<p><span class=\"wpcf7-form-control-wrap\" data-name=\"your-email\"><input size=\"40\" class=\"wpcf7-form-control wpcf7-text wpcf7-email wpcf7-validates-as-required wpcf7-validates-as-email\" aria-required=\"true\" aria-invalid=\"false\" placeholder=\"Your Email Address\" value=\"\" type=\"email\" name=\"your-email\" \/><\/span>\n\t\t<\/p>\n\t<\/div>\n\t<div class=\"message-wrap\">\n\t\t<p><span class=\"wpcf7-form-control-wrap\" data-name=\"your-message\"><textarea cols=\"40\" rows=\"10\" class=\"wpcf7-form-control wpcf7-textarea\" aria-invalid=\"false\" placeholder=\"Your Message\" name=\"your-message\"><\/textarea><\/span>\n\t\t<\/p>\n\t<\/div>\n\t<div class=\"submit-wrap\">\n\t\t<p><span><input class=\"wpcf7-form-control has-spinner wpcf7-submit\" type=\"submit\" value=\"Send\" \/><\/span>\n\t\t<\/p>\n\t<\/div>\n<\/div><input type='hidden' class='wpcf7-pum' value='{\"closepopup\":false,\"closedelay\":0,\"openpopup\":false,\"openpopup_id\":0}' \/><div class=\"wpcf7-response-output\" aria-hidden=\"true\"><\/div>\n<input type=\"hidden\" name=\"trp-form-language\" value=\"en\"\/><\/form>\n<\/div>\n\r\n\t\t<\/div>\r\n\t<\/div><\/div><\/div><\/div><\/div><\/div><\/div>\r\n\t<div class=\"startflow-spacer clearfix\" data-desktop=\"100\" data-mobi=\"60\" data-smobi=\"60\"><\/div><\/div><\/div><\/div><\/div><\/div><\/section><\/div><div class=\"vc-custom-col-spacing clearfix vc-col-spacing-30\"><section class=\"wpb_row vc_row-fluid no-padding row-content-position-Default\"><div class=\"row-inner clearfix\"><div class=\"wpb_column vc_column_container vc_col-sm-12\"><div class=\"vc_column-inner\"><div class=\"wpb_wrapper\">\r\n\t<div class=\"startflow-spacer clearfix\" data-desktop=\"100\" data-mobi=\"70\" data-smobi=\"50\"><\/div><div class=\"wpb_gmaps_widget wpb_content_element\"><div class=\"wpb_wrapper\"><div class=\"wpb_map_wraper\"><iframe src=\"https:\/\/www.google.com\/maps\/embed?pb=!1m18!1m12!1m3!1d721.0978574565313!2d28.647858719622448!3d41.09082487756851!2m3!1f0!2f0!3f0!3m2!1i1024!2i768!4f13.1!3m3!1m2!1s0x14b559524a8e9759%3A0xbb59e0eea6d5357!2sSuper%20Group!5e0!3m2!1sen!2str!4v1648459227595!5m2!1sen!2str\" width=\"100%\" height=\"450\" style=\"border:0;\" allowfullscreen=\"true\" loading=\"lazy\" referrerpolicy=\"no-referrer-when-downgrade\"><\/iframe><\/div><\/div><\/div><\/div><\/div><\/div><\/div><\/section><\/div>","protected":false},"excerpt":{"rendered":"Bize Ula\u015f\u0131n T\u00fcm sorular\u0131n\u0131z i\u00e7in bizimle ileti\u015fime ge\u00e7ebilirsiniz. Bize ula\u015fmak i\u00e7in a\u015fa\u011f\u0131daki bilgileri kullanabilir veya formu doldurabilirsiniz. Ekibimiz size en k\u0131sa s\u00fcrede geri d\u00f6n\u00fc\u015f yapacakt\u0131r. Merkez Ofis Bah\u00e7e\u015fehir 2. K\u0131s\u0131m Mahallesi Mercedes Bulvar\u0131 No26\/D Ba\u015fak\u015fehir \/ \u0130stanbul Telefon +90 212 741 41 12 Email hello@superproje.com \u0130leti\u015fim Formu Formu doldurarak bizimle","protected":false},"author":2,"featured_media":0,"parent":0,"menu_order":0,"comment_status":"closed","ping_status":"closed","template":"","meta":[],"yoast_head":"<!-- This site is optimized with the Yoast SEO plugin v18.4.1 - https:\/\/yoast.com\/wordpress\/plugins\/seo\/ -->\n<title>Bize Ula\u015f\u0131n - Bize Ula\u015f\u0131n - S\u00fcper Proje Pazarlama<\/title>\n<meta name=\"description\" content=\"Super Proje Pazarlama - Merkez Ofis : Bah\u00e7e\u015fehir 2. K\u0131s\u0131m Mahallesi Mercedes Bulvar\u0131 No26\/D Ba\u015fak\u015fehir \/ \u0130stanbul - +90 212 741 41 12\" \/>\n<meta name=\"robots\" content=\"index, follow, max-snippet:-1, max-image-preview:large, max-video-preview:-1\" \/>\n<link rel=\"canonical\" href=\"https:\/\/superproje.com\/en\/iletisim\/\" \/>\n<meta property=\"og:locale\" content=\"en_US\" \/>\n<meta property=\"og:type\" content=\"article\" \/>\n<meta property=\"og:title\" content=\"Bize Ula\u015f\u0131n - Bize Ula\u015f\u0131n - S\u00fcper Proje Pazarlama\" \/>\n<meta property=\"og:description\" content=\"Super Proje Pazarlama - Merkez Ofis : Bah\u00e7e\u015fehir 2. K\u0131s\u0131m Mahallesi Mercedes Bulvar\u0131 No26\/D Ba\u015fak\u015fehir \/ \u0130stanbul - +90 212 741 41 12\" \/>\n<meta property=\"og:url\" content=\"https:\/\/superproje.com\/en\/iletisim\/\" \/>\n<meta property=\"og:site_name\" content=\"S\u00fcper Proje Pazarlama\" \/>\n<meta property=\"article:publisher\" content=\"https:\/\/www.facebook.com\/superproje\" \/>\n<meta property=\"article:modified_time\" content=\"2023-04-03T15:33:33+00:00\" \/>\n<meta name=\"twitter:card\" content=\"summary_large_image\" \/>\n<meta name=\"twitter:label1\" content=\"Est. reading time\" \/>\n\t<meta name=\"twitter:data1\" content=\"3 minutes\" \/>\n<script type=\"application\/ld+json\" class=\"yoast-schema-graph\">{\"@context\":\"https:\/\/schema.org\",\"@graph\":[{\"@type\":\"Organization\",\"@id\":\"https:\/\/superproje.com\/#organization\",\"name\":\"S\u00fcper Proje Pazarlama\",\"url\":\"https:\/\/superproje.com\/\",\"sameAs\":[\"https:\/\/www.facebook.com\/superproje\",\"https:\/\/www.instagram.com\/superproje\",\"https:\/\/www.linkedin.com\/company\/superprojectmarketing\"],\"logo\":{\"@type\":\"ImageObject\",\"@id\":\"https:\/\/superproje.com\/#logo\",\"inLanguage\":\"en-US\",\"url\":\"https:\/\/superproje.com\/wp-content\/uploads\/2022\/02\/site-logo.png\",\"contentUrl\":\"https:\/\/superproje.com\/wp-content\/uploads\/2022\/02\/site-logo.png\",\"width\":500,\"height\":160,\"caption\":\"S\u00fcper Proje Pazarlama\"},\"image\":{\"@id\":\"https:\/\/superproje.com\/#logo\"}},{\"@type\":\"WebSite\",\"@id\":\"https:\/\/superproje.com\/#website\",\"url\":\"https:\/\/superproje.com\/\",\"name\":\"S\u00fcper Proje Pazarlama\",\"description\":\"T\u00fcrkiye&#039;nin 1 Numaral\u0131 Gayrimenkul Proje Pazarlama \u015eirketi\",\"publisher\":{\"@id\":\"https:\/\/superproje.com\/#organization\"},\"potentialAction\":[{\"@type\":\"SearchAction\",\"target\":{\"@type\":\"EntryPoint\",\"urlTemplate\":\"https:\/\/superproje.com\/?s={search_term_string}\"},\"query-input\":\"required name=search_term_string\"}],\"inLanguage\":\"en-US\"},{\"@type\":\"WebPage\",\"@id\":\"https:\/\/superproje.com\/iletisim\/#webpage\",\"url\":\"https:\/\/superproje.com\/iletisim\/\",\"name\":\"Bize Ula\u015f\u0131n - Bize Ula\u015f\u0131n - S\u00fcper Proje Pazarlama\",\"isPartOf\":{\"@id\":\"https:\/\/superproje.com\/#website\"},\"datePublished\":\"2017-10-16T13:54:07+00:00\",\"dateModified\":\"2023-04-03T15:33:33+00:00\",\"description\":\"Super Proje Pazarlama - Merkez Ofis : Bah\u00e7e\u015fehir 2. K\u0131s\u0131m Mahallesi Mercedes Bulvar\u0131 No26\/D Ba\u015fak\u015fehir \/ \u0130stanbul - +90 212 741 41 12\",\"breadcrumb\":{\"@id\":\"https:\/\/superproje.com\/iletisim\/#breadcrumb\"},\"inLanguage\":\"en-US\",\"potentialAction\":[{\"@type\":\"ReadAction\",\"target\":[\"https:\/\/superproje.com\/iletisim\/\"]}]},{\"@type\":\"BreadcrumbList\",\"@id\":\"https:\/\/superproje.com\/iletisim\/#breadcrumb\",\"itemListElement\":[{\"@type\":\"ListItem\",\"position\":1,\"name\":\"Home\",\"item\":\"https:\/\/superproje.com\/\"},{\"@type\":\"ListItem\",\"position\":2,\"name\":\"Bize Ula\u015f\u0131n\"}]}]}<\/script>\n<!-- \/ Yoast SEO plugin. -->","yoast_head_json":{"title":"Bize Ula\u015f\u0131n - Bize Ula\u015f\u0131n - S\u00fcper Proje Pazarlama","description":"Super Proje Pazarlama - Merkez Ofis : Bah\u00e7e\u015fehir 2. K\u0131s\u0131m Mahallesi Mercedes Bulvar\u0131 No26\/D Ba\u015fak\u015fehir \/ \u0130stanbul - +90 212 741 41 12","robots":{"index":"index","follow":"follow","max-snippet":"max-snippet:-1","max-image-preview":"max-image-preview:large","max-video-preview":"max-video-preview:-1"},"canonical":"https:\/\/superproje.com\/en\/iletisim\/","og_locale":"en_US","og_type":"article","og_title":"Bize Ula\u015f\u0131n - Bize Ula\u015f\u0131n - S\u00fcper Proje Pazarlama","og_description":"Super Proje Pazarlama - Merkez Ofis : Bah\u00e7e\u015fehir 2. K\u0131s\u0131m Mahallesi Mercedes Bulvar\u0131 No26\/D Ba\u015fak\u015fehir \/ \u0130stanbul - +90 212 741 41 12","og_url":"https:\/\/superproje.com\/en\/iletisim\/","og_site_name":"S\u00fcper Proje Pazarlama","article_publisher":"https:\/\/www.facebook.com\/superproje","article_modified_time":"2023-04-03T15:33:33+00:00","twitter_card":"summary_large_image","twitter_misc":{"Est. reading time":"3 minutes"},"schema":{"@context":"https:\/\/schema.org","@graph":[{"@type":"Organization","@id":"https:\/\/superproje.com\/#organization","name":"S\u00fcper Proje Pazarlama","url":"https:\/\/superproje.com\/","sameAs":["https:\/\/www.facebook.com\/superproje","https:\/\/www.instagram.com\/superproje","https:\/\/www.linkedin.com\/company\/superprojectmarketing"],"logo":{"@type":"ImageObject","@id":"https:\/\/superproje.com\/#logo","inLanguage":"en-US","url":"https:\/\/superproje.com\/wp-content\/uploads\/2022\/02\/site-logo.png","contentUrl":"https:\/\/superproje.com\/wp-content\/uploads\/2022\/02\/site-logo.png","width":500,"height":160,"caption":"S\u00fcper Proje Pazarlama"},"image":{"@id":"https:\/\/superproje.com\/#logo"}},{"@type":"WebSite","@id":"https:\/\/superproje.com\/#website","url":"https:\/\/superproje.com\/","name":"S\u00fcper Proje Pazarlama","description":"T\u00fcrkiye&#039;nin 1 Numaral\u0131 Gayrimenkul Proje Pazarlama \u015eirketi","publisher":{"@id":"https:\/\/superproje.com\/#organization"},"potentialAction":[{"@type":"SearchAction","target":{"@type":"EntryPoint","urlTemplate":"https:\/\/superproje.com\/?s={search_term_string}"},"query-input":"required name=search_term_string"}],"inLanguage":"en-US"},{"@type":"WebPage","@id":"https:\/\/superproje.com\/iletisim\/#webpage","url":"https:\/\/superproje.com\/iletisim\/","name":"Bize Ula\u015f\u0131n - Bize Ula\u015f\u0131n - S\u00fcper Proje Pazarlama","isPartOf":{"@id":"https:\/\/superproje.com\/#website"},"datePublished":"2017-10-16T13:54:07+00:00","dateModified":"2023-04-03T15:33:33+00:00","description":"Super Proje Pazarlama - Merkez Ofis : Bah\u00e7e\u015fehir 2. K\u0131s\u0131m Mahallesi Mercedes Bulvar\u0131 No26\/D Ba\u015fak\u015fehir \/ \u0130stanbul - +90 212 741 41 12","breadcrumb":{"@id":"https:\/\/superproje.com\/iletisim\/#breadcrumb"},"inLanguage":"en-US","potentialAction":[{"@type":"ReadAction","target":["https:\/\/superproje.com\/iletisim\/"]}]},{"@type":"BreadcrumbList","@id":"https:\/\/superproje.com\/iletisim\/#breadcrumb","itemListElement":[{"@type":"ListItem","position":1,"name":"Home","item":"https:\/\/superproje.com\/"},{"@type":"ListItem","position":2,"name":"Bize Ula\u015f\u0131n"}]}]}},"_links":{"self":[{"href":"https:\/\/superproje.com\/en\/wp-json\/wp\/v2\/pages\/1339"}],"collection":[{"href":"https:\/\/superproje.com\/en\/wp-json\/wp\/v2\/pages"}],"about":[{"href":"https:\/\/superproje.com\/en\/wp-json\/wp\/v2\/types\/page"}],"author":[{"embeddable":true,"href":"https:\/\/superproje.com\/en\/wp-json\/wp\/v2\/users\/2"}],"replies":[{"embeddable":true,"href":"https:\/\/superproje.com\/en\/wp-json\/wp\/v2\/comments?post=1339"}],"version-history":[{"count":20,"href":"https:\/\/superproje.com\/en\/wp-json\/wp\/v2\/pages\/1339\/revisions"}],"predecessor-version":[{"id":18031,"href":"https:\/\/superproje.com\/en\/wp-json\/wp\/v2\/pages\/1339\/revisions\/18031"}],"wp:attachment":[{"href":"https:\/\/superproje.com\/en\/wp-json\/wp\/v2\/media?parent=1339"}],"curies":[{"name":"wp","href":"https:\/\/api.w.org\/{rel}","templated":true}]}}