{"id":17999,"date":"2023-03-31T09:09:43","date_gmt":"2023-03-31T09:09:43","guid":{"rendered":"https:\/\/superproje.com\/?page_id=17999"},"modified":"2023-03-31T10:19:40","modified_gmt":"2023-03-31T10:19:40","slug":"kariyer","status":"publish","type":"page","link":"https:\/\/superproje.com\/en\/kariyer\/","title":{"rendered":"Career"},"content":{"rendered":"<div class=\"vc-custom-col-spacing clearfix vc-col-spacing-30\"><section class=\"wpb_row vc_row-fluid row-content-position-Default\"><div class=\"startflow-container\"><div class=\"row-inner clearfix\"><div class=\"wpb_column vc_column_container vc_col-sm-12\"><div class=\"vc_column-inner\"><div class=\"wpb_wrapper\">\r\n\t<div class=\"startflow-spacer clearfix\" data-desktop=\"20\" data-mobi=\"0\" data-smobi=\"0\"><\/div>\n\t<div class=\"wpb_text_column wpb_content_element\" >\n\t\t<div class=\"wpb_wrapper\">\n\t\t\t<h3 style=\"text-align: center;\">You're Super too, fill out the form and send it to us.<\/h3>\n\n\t\t<\/div>\n\t<\/div>\n\n<div class=\"wpcf7 no-js\" id=\"wpcf7-f18001-o1\" lang=\"tr-TR\" dir=\"ltr\">\n<div class=\"screen-reader-response\"><p role=\"status\" aria-live=\"polite\" aria-atomic=\"true\"><\/p> <ul><\/ul><\/div>\n<form action=\"\/en\/wp-json\/wp\/v2\/pages\/17999#wpcf7-f18001-o1\" method=\"post\" class=\"wpcf7-form init\" aria-label=\"Contact form\" enctype=\"multipart\/form-data\" novalidate=\"novalidate\" data-status=\"init\" data-trp-original-action=\"\/en\/wp-json\/wp\/v2\/pages\/17999#wpcf7-f18001-o1\">\n<div style=\"display: none;\">\n<input type=\"hidden\" name=\"_wpcf7\" value=\"18001\" \/>\n<input type=\"hidden\" name=\"_wpcf7_version\" value=\"5.7.5.1\" \/>\n<input type=\"hidden\" name=\"_wpcf7_locale\" value=\"tr_TR\" \/>\n<input type=\"hidden\" name=\"_wpcf7_unit_tag\" value=\"wpcf7-f18001-o1\" \/>\n<input type=\"hidden\" name=\"_wpcf7_container_post\" value=\"0\" \/>\n<input type=\"hidden\" name=\"_wpcf7_posted_data_hash\" value=\"\" \/>\n<input type=\"hidden\" name=\"_wpcf7_recaptcha_response\" value=\"\" \/>\n<\/div>\n<p><label> Full Name (*)<br \/>\n<span class=\"wpcf7-form-control-wrap\" data-name=\"your-name\"><input size=\"40\" class=\"wpcf7-form-control wpcf7-text wpcf7-validates-as-required\" aria-required=\"true\" aria-invalid=\"false\" value=\"\" type=\"text\" name=\"your-name\" \/><\/span> <\/label>\n<\/p>\n<p><label> Email (*)<br \/>\n<span class=\"wpcf7-form-control-wrap\" data-name=\"your-email\"><input size=\"40\" class=\"wpcf7-form-control wpcf7-text wpcf7-email wpcf7-validates-as-required wpcf7-validates-as-email\" aria-required=\"true\" aria-invalid=\"false\" value=\"\" type=\"email\" name=\"your-email\" \/><\/span> <\/label>\n<\/p>\n<p><label> Phone (*)<br \/>\n<span class=\"wpcf7-form-control-wrap\" data-name=\"Telefon\"><input size=\"40\" class=\"wpcf7-form-control wpcf7-text wpcf7-tel wpcf7-validates-as-required wpcf7-validates-as-tel\" aria-required=\"true\" aria-invalid=\"false\" value=\"\" type=\"tel\" name=\"Telefon\" \/><\/span> <\/label>\n<\/p>\n<p><label> letter<br \/>\n<span class=\"wpcf7-form-control-wrap\" data-name=\"your-message\"><textarea cols=\"40\" rows=\"10\" class=\"wpcf7-form-control wpcf7-textarea\" aria-invalid=\"false\" name=\"your-message\"><\/textarea><\/span> <\/label>\n<\/p>\n<p>CV (*) <span class=\"wpcf7-form-control-wrap\" data-name=\"file-734\"><input size=\"40\" class=\"wpcf7-form-control wpcf7-file\" accept=\".pdf\" aria-invalid=\"false\" type=\"file\" name=\"file-734\" \/><\/span>\n<\/p>\n<p><input class=\"wpcf7-form-control has-spinner wpcf7-submit\" type=\"submit\" value=\"Send\" \/>\n<\/p><input type='hidden' class='wpcf7-pum' value='{\"closepopup\":false,\"closedelay\":0,\"openpopup\":false,\"openpopup_id\":0}' \/><div class=\"wpcf7-response-output\" aria-hidden=\"true\"><\/div>\n<input type=\"hidden\" name=\"trp-form-language\" value=\"en\"\/><\/form>\n<\/div>\n<\/div><\/div><\/div><\/div><\/div><\/section><\/div>","protected":false},"excerpt":{"rendered":"Sen de s\u00fcpersen, formu doldur bize g\u00f6nder. Ad Soyad (*) E-Posta (*) Telefon (*) \u00d6nyaz\u0131 CV (*)","protected":false},"author":2,"featured_media":0,"parent":0,"menu_order":0,"comment_status":"closed","ping_status":"closed","template":"","meta":[],"yoast_head":"<!-- This site is optimized with the Yoast SEO plugin v18.4.1 - https:\/\/yoast.com\/wordpress\/plugins\/seo\/ -->\n<title>Kariyer - S\u00fcper Proje Pazarlama<\/title>\n<meta name=\"robots\" content=\"index, follow, max-snippet:-1, max-image-preview:large, max-video-preview:-1\" \/>\n<link rel=\"canonical\" href=\"https:\/\/superproje.com\/en\/kariyer\/\" \/>\n<meta property=\"og:locale\" content=\"en_US\" \/>\n<meta property=\"og:type\" content=\"article\" \/>\n<meta property=\"og:title\" content=\"Kariyer - S\u00fcper Proje Pazarlama\" \/>\n<meta property=\"og:url\" content=\"https:\/\/superproje.com\/en\/kariyer\/\" \/>\n<meta property=\"og:site_name\" content=\"S\u00fcper Proje Pazarlama\" \/>\n<meta property=\"article:publisher\" content=\"https:\/\/www.facebook.com\/superproje\" \/>\n<meta property=\"article:modified_time\" content=\"2023-03-31T10:19:40+00:00\" \/>\n<meta name=\"twitter:card\" content=\"summary_large_image\" \/>\n<script type=\"application\/ld+json\" class=\"yoast-schema-graph\">{\"@context\":\"https:\/\/schema.org\",\"@graph\":[{\"@type\":\"Organization\",\"@id\":\"https:\/\/superproje.com\/#organization\",\"name\":\"S\u00fcper Proje Pazarlama\",\"url\":\"https:\/\/superproje.com\/\",\"sameAs\":[\"https:\/\/www.facebook.com\/superproje\",\"https:\/\/www.instagram.com\/superproje\",\"https:\/\/www.linkedin.com\/company\/superprojectmarketing\"],\"logo\":{\"@type\":\"ImageObject\",\"@id\":\"https:\/\/superproje.com\/#logo\",\"inLanguage\":\"en-US\",\"url\":\"https:\/\/superproje.com\/wp-content\/uploads\/2022\/02\/site-logo.png\",\"contentUrl\":\"https:\/\/superproje.com\/wp-content\/uploads\/2022\/02\/site-logo.png\",\"width\":500,\"height\":160,\"caption\":\"S\u00fcper Proje Pazarlama\"},\"image\":{\"@id\":\"https:\/\/superproje.com\/#logo\"}},{\"@type\":\"WebSite\",\"@id\":\"https:\/\/superproje.com\/#website\",\"url\":\"https:\/\/superproje.com\/\",\"name\":\"S\u00fcper Proje Pazarlama\",\"description\":\"T\u00fcrkiye&#039;nin 1 Numaral\u0131 Gayrimenkul Proje Pazarlama \u015eirketi\",\"publisher\":{\"@id\":\"https:\/\/superproje.com\/#organization\"},\"potentialAction\":[{\"@type\":\"SearchAction\",\"target\":{\"@type\":\"EntryPoint\",\"urlTemplate\":\"https:\/\/superproje.com\/?s={search_term_string}\"},\"query-input\":\"required name=search_term_string\"}],\"inLanguage\":\"en-US\"},{\"@type\":\"WebPage\",\"@id\":\"https:\/\/superproje.com\/kariyer\/#webpage\",\"url\":\"https:\/\/superproje.com\/kariyer\/\",\"name\":\"Kariyer - S\u00fcper Proje Pazarlama\",\"isPartOf\":{\"@id\":\"https:\/\/superproje.com\/#website\"},\"datePublished\":\"2023-03-31T09:09:43+00:00\",\"dateModified\":\"2023-03-31T10:19:40+00:00\",\"breadcrumb\":{\"@id\":\"https:\/\/superproje.com\/kariyer\/#breadcrumb\"},\"inLanguage\":\"en-US\",\"potentialAction\":[{\"@type\":\"ReadAction\",\"target\":[\"https:\/\/superproje.com\/kariyer\/\"]}]},{\"@type\":\"BreadcrumbList\",\"@id\":\"https:\/\/superproje.com\/kariyer\/#breadcrumb\",\"itemListElement\":[{\"@type\":\"ListItem\",\"position\":1,\"name\":\"Home\",\"item\":\"https:\/\/superproje.com\/\"},{\"@type\":\"ListItem\",\"position\":2,\"name\":\"Kariyer\"}]}]}<\/script>\n<!-- \/ Yoast SEO plugin. -->","yoast_head_json":{"title":"Kariyer - S\u00fcper Proje Pazarlama","robots":{"index":"index","follow":"follow","max-snippet":"max-snippet:-1","max-image-preview":"max-image-preview:large","max-video-preview":"max-video-preview:-1"},"canonical":"https:\/\/superproje.com\/en\/kariyer\/","og_locale":"en_US","og_type":"article","og_title":"Kariyer - S\u00fcper Proje Pazarlama","og_url":"https:\/\/superproje.com\/en\/kariyer\/","og_site_name":"S\u00fcper Proje Pazarlama","article_publisher":"https:\/\/www.facebook.com\/superproje","article_modified_time":"2023-03-31T10:19:40+00:00","twitter_card":"summary_large_image","schema":{"@context":"https:\/\/schema.org","@graph":[{"@type":"Organization","@id":"https:\/\/superproje.com\/#organization","name":"S\u00fcper Proje Pazarlama","url":"https:\/\/superproje.com\/","sameAs":["https:\/\/www.facebook.com\/superproje","https:\/\/www.instagram.com\/superproje","https:\/\/www.linkedin.com\/company\/superprojectmarketing"],"logo":{"@type":"ImageObject","@id":"https:\/\/superproje.com\/#logo","inLanguage":"en-US","url":"https:\/\/superproje.com\/wp-content\/uploads\/2022\/02\/site-logo.png","contentUrl":"https:\/\/superproje.com\/wp-content\/uploads\/2022\/02\/site-logo.png","width":500,"height":160,"caption":"S\u00fcper Proje Pazarlama"},"image":{"@id":"https:\/\/superproje.com\/#logo"}},{"@type":"WebSite","@id":"https:\/\/superproje.com\/#website","url":"https:\/\/superproje.com\/","name":"S\u00fcper Proje Pazarlama","description":"T\u00fcrkiye&#039;nin 1 Numaral\u0131 Gayrimenkul Proje Pazarlama \u015eirketi","publisher":{"@id":"https:\/\/superproje.com\/#organization"},"potentialAction":[{"@type":"SearchAction","target":{"@type":"EntryPoint","urlTemplate":"https:\/\/superproje.com\/?s={search_term_string}"},"query-input":"required name=search_term_string"}],"inLanguage":"en-US"},{"@type":"WebPage","@id":"https:\/\/superproje.com\/kariyer\/#webpage","url":"https:\/\/superproje.com\/kariyer\/","name":"Kariyer - S\u00fcper Proje Pazarlama","isPartOf":{"@id":"https:\/\/superproje.com\/#website"},"datePublished":"2023-03-31T09:09:43+00:00","dateModified":"2023-03-31T10:19:40+00:00","breadcrumb":{"@id":"https:\/\/superproje.com\/kariyer\/#breadcrumb"},"inLanguage":"en-US","potentialAction":[{"@type":"ReadAction","target":["https:\/\/superproje.com\/kariyer\/"]}]},{"@type":"BreadcrumbList","@id":"https:\/\/superproje.com\/kariyer\/#breadcrumb","itemListElement":[{"@type":"ListItem","position":1,"name":"Home","item":"https:\/\/superproje.com\/"},{"@type":"ListItem","position":2,"name":"Kariyer"}]}]}},"_links":{"self":[{"href":"https:\/\/superproje.com\/en\/wp-json\/wp\/v2\/pages\/17999"}],"collection":[{"href":"https:\/\/superproje.com\/en\/wp-json\/wp\/v2\/pages"}],"about":[{"href":"https:\/\/superproje.com\/en\/wp-json\/wp\/v2\/types\/page"}],"author":[{"embeddable":true,"href":"https:\/\/superproje.com\/en\/wp-json\/wp\/v2\/users\/2"}],"replies":[{"embeddable":true,"href":"https:\/\/superproje.com\/en\/wp-json\/wp\/v2\/comments?post=17999"}],"version-history":[{"count":7,"href":"https:\/\/superproje.com\/en\/wp-json\/wp\/v2\/pages\/17999\/revisions"}],"predecessor-version":[{"id":18011,"href":"https:\/\/superproje.com\/en\/wp-json\/wp\/v2\/pages\/17999\/revisions\/18011"}],"wp:attachment":[{"href":"https:\/\/superproje.com\/en\/wp-json\/wp\/v2\/media?parent=17999"}],"curies":[{"name":"wp","href":"https:\/\/api.w.org\/{rel}","templated":true}]}}