{"id":18159,"date":"2023-09-19T11:53:04","date_gmt":"2023-09-19T11:53:04","guid":{"rendered":"https:\/\/superproje.com\/?page_id=18159"},"modified":"2023-09-19T11:58:37","modified_gmt":"2023-09-19T11:58:37","slug":"konut-proje-pazarlama","status":"publish","type":"page","link":"https:\/\/superproje.com\/ru\/konut-proje-pazarlama\/","title":{"rendered":"Konut Proje Pazarlama"},"content":{"rendered":"<p><strong>Gayrimenkul Proje Pazarlama<\/strong>, tek tek m\u00fc\u015fterilere pazarlaman\u0131n yan\u0131 s\u0131ra, <strong>gayrimenkul acenteleri<\/strong> vas\u0131tas\u0131 hem <strong>yerli<\/strong> hem <strong>yabanc\u0131 m\u00fc\u015fteriye pazarlanacak konseptler<\/strong> bulunmas\u0131 ve m\u00fc\u015fterilerin arac\u0131 kurumlar ile beraber sat\u0131\u015f\u0131n\u0131n ba\u015ftan sona y\u00fcr\u00fct\u00fclmesi faaliyetleridir. <strong>Konut Proje Pazarlama<\/strong> ile <strong>Ticari Gayrimenkul Pazarlama<\/strong> konular\u0131nda sekt\u00f6r\u00fcn en deneyimli kadrolar\u0131 ile <strong>S\u00fcper Proje Pazarlama Hizmetinizdedir<\/strong>.<\/p>\n<h4><strong>Gayrimenkul Proje Pazarlama Neden \u00d6nemli<\/strong>?<\/h4>\n<p><strong>Gayrimenkul sekt\u00f6r\u00fcnde<\/strong>, proje pazarlama olduk\u00e7a \u00f6nemlidir \u00e7\u00fcnk\u00fc <strong>gayrimenkul projeleri<\/strong> genellikle b\u00fcy\u00fck \u00f6l\u00e7ekli ve uzun vadeli yat\u0131r\u0131mlard\u0131r ve bir\u00e7ok <strong>yerli<\/strong> ve <strong>yabanc\u0131 yat\u0131r\u0131mc\u0131n\u0131n ilgisini \u00e7eker<\/strong>. <strong>Proje pazarlamas\u0131<\/strong>, <strong>gayrimenkul projelerinin m\u00fc\u015fteri ihtiya\u00e7lar\u0131na uygun hale getirilmesi<\/strong> ve potansiyel m\u00fc\u015fterilere sat\u0131lmas\u0131 i\u00e7in gerekli olan stratejilerin geli\u015ftirilmesini sa\u011flar. <strong>Proje Pazarlama \u015eirketi<\/strong> olarak sat\u0131\u015flar\u0131n\u0131 ger\u00e7ekle\u015ftirir ve tahsilatlar\u0131n\u0131 yapar\u0131z.<\/p>\n<p><strong>Konut Proje Pazarlama<\/strong> alan\u0131nda \u0130stanbul Ankara \u0130zmir Antalya Bodrum Mu\u011fla Dubai Yunanistan Mersin Yalova Kocaeli Trabzon ofislerimiz ile hizmet sunmaktay\u0131z.<\/p>\n<p><strong>S\u00fcper Proje Pazarlama<\/strong>, <strong>konut ve ticari gayrimenkul pazarlamas\u0131n\u0131<\/strong> sizin ad\u0131n\u0131za ger\u00e7ekle\u015ftirir. <strong>Proje Pazarlama\u2019da En \u0130yilerin Tercih Etti\u011fi \u015eirket (Proje Pazarlama \u015eirketi)<\/strong> S\u00fcper Proje Pazarlama ile sizde kazanmaya hemen ba\u015flay\u0131n.<\/p>","protected":false},"excerpt":{"rendered":"<p>Gayrimenkul Proje Pazarlama, tek tek m\u00fc\u015fterilere pazarlaman\u0131n yan\u0131 s\u0131ra, gayrimenkul acenteleri vas\u0131tas\u0131 hem yerli hem yabanc\u0131 m\u00fc\u015fteriye pazarlanacak konseptler bulunmas\u0131 ve m\u00fc\u015fterilerin arac\u0131 kurumlar ile beraber sat\u0131\u015f\u0131n\u0131n ba\u015ftan sona y\u00fcr\u00fct\u00fclmesi faaliyetleridir. Konut Proje Pazarlama ile Ticari Gayrimenkul Pazarlama konular\u0131nda sekt\u00f6r\u00fcn en deneyimli kadrolar\u0131 ile S\u00fcper Proje Pazarlama Hizmetinizdedir. Gayrimenkul Proje<\/p>","protected":false},"author":2,"featured_media":18160,"parent":0,"menu_order":0,"comment_status":"closed","ping_status":"closed","template":"","meta":[],"yoast_head":"<!-- This site is optimized with the Yoast SEO plugin v18.4.1 - https:\/\/yoast.com\/wordpress\/plugins\/seo\/ -->\n<title>Konut Proje Pazarlama - S\u00fcper Proje Pazarlama \u015eirketi<\/title>\n<meta name=\"description\" content=\"Konut Proje Pazarlama alan\u0131nda lider firmay\u0131z. \u0130stanbul, Ankara, \u0130zmir, Antalya, ve daha fazlas\u0131nda hizmet sunuyoruz. Konut ve ticari gayrimenkul pazarlamas\u0131nda en deneyimli kadroyla sizin ad\u0131n\u0131za \u00e7al\u0131\u015f\u0131yoruz.\" \/>\n<meta name=\"robots\" content=\"index, follow, max-snippet:-1, max-image-preview:large, max-video-preview:-1\" \/>\n<link rel=\"canonical\" href=\"https:\/\/superproje.com\/ru\/konut-proje-pazarlama\/\" \/>\n<meta property=\"og:locale\" content=\"ru_RU\" \/>\n<meta property=\"og:type\" content=\"article\" \/>\n<meta property=\"og:title\" content=\"Konut Proje Pazarlama - S\u00fcper Proje Pazarlama \u015eirketi\" \/>\n<meta property=\"og:description\" content=\"Konut Proje Pazarlama alan\u0131nda lider firmay\u0131z. \u0130stanbul, Ankara, \u0130zmir, Antalya, ve daha fazlas\u0131nda hizmet sunuyoruz. Konut ve ticari gayrimenkul pazarlamas\u0131nda en deneyimli kadroyla sizin ad\u0131n\u0131za \u00e7al\u0131\u015f\u0131yoruz.\" \/>\n<meta property=\"og:url\" content=\"https:\/\/superproje.com\/ru\/konut-proje-pazarlama\/\" \/>\n<meta property=\"og:site_name\" content=\"S\u00fcper Proje Pazarlama\" \/>\n<meta property=\"article:publisher\" content=\"https:\/\/www.facebook.com\/superproje\" \/>\n<meta property=\"article:modified_time\" content=\"2023-09-19T11:58:37+00:00\" \/>\n<meta property=\"og:image\" content=\"https:\/\/superproje.com\/wp-content\/uploads\/2023\/09\/architects-studying-plan-with-mockup.jpg\" \/>\n\t<meta property=\"og:image:width\" content=\"1224\" \/>\n\t<meta property=\"og:image:height\" content=\"817\" \/>\n\t<meta property=\"og:image:type\" content=\"image\/jpeg\" \/>\n<meta name=\"twitter:card\" content=\"summary_large_image\" \/>\n<meta name=\"twitter:label1\" content=\"\u041f\u0440\u0438\u043c\u0435\u0440\u043d\u043e\u0435 \u0432\u0440\u0435\u043c\u044f \u0434\u043b\u044f \u0447\u0442\u0435\u043d\u0438\u044f\" \/>\n\t<meta name=\"twitter:data1\" content=\"1 \u043c\u0438\u043d\u0443\u0442\u0430\" \/>\n<script type=\"application\/ld+json\" class=\"yoast-schema-graph\">{\"@context\":\"https:\/\/schema.org\",\"@graph\":[{\"@type\":\"Organization\",\"@id\":\"https:\/\/superproje.com\/#organization\",\"name\":\"S\u00fcper Proje Pazarlama\",\"url\":\"https:\/\/superproje.com\/\",\"sameAs\":[\"https:\/\/www.facebook.com\/superproje\",\"https:\/\/www.instagram.com\/superproje\",\"https:\/\/www.linkedin.com\/company\/superprojectmarketing\"],\"logo\":{\"@type\":\"ImageObject\",\"@id\":\"https:\/\/superproje.com\/#logo\",\"inLanguage\":\"ru-RU\",\"url\":\"https:\/\/superproje.com\/wp-content\/uploads\/2022\/02\/site-logo.png\",\"contentUrl\":\"https:\/\/superproje.com\/wp-content\/uploads\/2022\/02\/site-logo.png\",\"width\":500,\"height\":160,\"caption\":\"S\u00fcper Proje Pazarlama\"},\"image\":{\"@id\":\"https:\/\/superproje.com\/#logo\"}},{\"@type\":\"WebSite\",\"@id\":\"https:\/\/superproje.com\/#website\",\"url\":\"https:\/\/superproje.com\/\",\"name\":\"S\u00fcper Proje Pazarlama\",\"description\":\"T\u00fcrkiye&#039;nin 1 Numaral\u0131 Gayrimenkul Proje Pazarlama \u015eirketi\",\"publisher\":{\"@id\":\"https:\/\/superproje.com\/#organization\"},\"potentialAction\":[{\"@type\":\"SearchAction\",\"target\":{\"@type\":\"EntryPoint\",\"urlTemplate\":\"https:\/\/superproje.com\/?s={search_term_string}\"},\"query-input\":\"required name=search_term_string\"}],\"inLanguage\":\"ru-RU\"},{\"@type\":\"ImageObject\",\"@id\":\"https:\/\/superproje.com\/konut-proje-pazarlama\/#primaryimage\",\"inLanguage\":\"ru-RU\",\"url\":\"https:\/\/superproje.com\/wp-content\/uploads\/2023\/09\/architects-studying-plan-with-mockup.jpg\",\"contentUrl\":\"https:\/\/superproje.com\/wp-content\/uploads\/2023\/09\/architects-studying-plan-with-mockup.jpg\",\"width\":1224,\"height\":817},{\"@type\":\"WebPage\",\"@id\":\"https:\/\/superproje.com\/konut-proje-pazarlama\/#webpage\",\"url\":\"https:\/\/superproje.com\/konut-proje-pazarlama\/\",\"name\":\"Konut Proje Pazarlama - S\u00fcper Proje Pazarlama \u015eirketi\",\"isPartOf\":{\"@id\":\"https:\/\/superproje.com\/#website\"},\"primaryImageOfPage\":{\"@id\":\"https:\/\/superproje.com\/konut-proje-pazarlama\/#primaryimage\"},\"datePublished\":\"2023-09-19T11:53:04+00:00\",\"dateModified\":\"2023-09-19T11:58:37+00:00\",\"description\":\"Konut Proje Pazarlama alan\u0131nda lider firmay\u0131z. \u0130stanbul, Ankara, \u0130zmir, Antalya, ve daha fazlas\u0131nda hizmet sunuyoruz. Konut ve ticari gayrimenkul pazarlamas\u0131nda en deneyimli kadroyla sizin ad\u0131n\u0131za \u00e7al\u0131\u015f\u0131yoruz.\",\"breadcrumb\":{\"@id\":\"https:\/\/superproje.com\/konut-proje-pazarlama\/#breadcrumb\"},\"inLanguage\":\"ru-RU\",\"potentialAction\":[{\"@type\":\"ReadAction\",\"target\":[\"https:\/\/superproje.com\/konut-proje-pazarlama\/\"]}]},{\"@type\":\"BreadcrumbList\",\"@id\":\"https:\/\/superproje.com\/konut-proje-pazarlama\/#breadcrumb\",\"itemListElement\":[{\"@type\":\"ListItem\",\"position\":1,\"name\":\"Home\",\"item\":\"https:\/\/superproje.com\/\"},{\"@type\":\"ListItem\",\"position\":2,\"name\":\"Konut Proje Pazarlama\"}]}]}<\/script>\n<!-- \/ Yoast SEO plugin. -->","yoast_head_json":{"title":"Konut Proje Pazarlama - S\u00fcper Proje Pazarlama \u015eirketi","description":"Konut Proje Pazarlama alan\u0131nda lider firmay\u0131z. \u0130stanbul, Ankara, \u0130zmir, Antalya, ve daha fazlas\u0131nda hizmet sunuyoruz. Konut ve ticari gayrimenkul pazarlamas\u0131nda en deneyimli kadroyla sizin ad\u0131n\u0131za \u00e7al\u0131\u015f\u0131yoruz.","robots":{"index":"index","follow":"follow","max-snippet":"max-snippet:-1","max-image-preview":"max-image-preview:large","max-video-preview":"max-video-preview:-1"},"canonical":"https:\/\/superproje.com\/ru\/konut-proje-pazarlama\/","og_locale":"ru_RU","og_type":"article","og_title":"Konut Proje Pazarlama - S\u00fcper Proje Pazarlama \u015eirketi","og_description":"Konut Proje Pazarlama alan\u0131nda lider firmay\u0131z. \u0130stanbul, Ankara, \u0130zmir, Antalya, ve daha fazlas\u0131nda hizmet sunuyoruz. Konut ve ticari gayrimenkul pazarlamas\u0131nda en deneyimli kadroyla sizin ad\u0131n\u0131za \u00e7al\u0131\u015f\u0131yoruz.","og_url":"https:\/\/superproje.com\/ru\/konut-proje-pazarlama\/","og_site_name":"S\u00fcper Proje Pazarlama","article_publisher":"https:\/\/www.facebook.com\/superproje","article_modified_time":"2023-09-19T11:58:37+00:00","og_image":[{"width":1224,"height":817,"url":"https:\/\/superproje.com\/wp-content\/uploads\/2023\/09\/architects-studying-plan-with-mockup.jpg","type":"image\/jpeg"}],"twitter_card":"summary_large_image","twitter_misc":{"\u041f\u0440\u0438\u043c\u0435\u0440\u043d\u043e\u0435 \u0432\u0440\u0435\u043c\u044f \u0434\u043b\u044f \u0447\u0442\u0435\u043d\u0438\u044f":"1 \u043c\u0438\u043d\u0443\u0442\u0430"},"schema":{"@context":"https:\/\/schema.org","@graph":[{"@type":"Organization","@id":"https:\/\/superproje.com\/#organization","name":"S\u00fcper Proje Pazarlama","url":"https:\/\/superproje.com\/","sameAs":["https:\/\/www.facebook.com\/superproje","https:\/\/www.instagram.com\/superproje","https:\/\/www.linkedin.com\/company\/superprojectmarketing"],"logo":{"@type":"ImageObject","@id":"https:\/\/superproje.com\/#logo","inLanguage":"ru-RU","url":"https:\/\/superproje.com\/wp-content\/uploads\/2022\/02\/site-logo.png","contentUrl":"https:\/\/superproje.com\/wp-content\/uploads\/2022\/02\/site-logo.png","width":500,"height":160,"caption":"S\u00fcper Proje Pazarlama"},"image":{"@id":"https:\/\/superproje.com\/#logo"}},{"@type":"WebSite","@id":"https:\/\/superproje.com\/#website","url":"https:\/\/superproje.com\/","name":"S\u00fcper Proje Pazarlama","description":"T\u00fcrkiye&#039;nin 1 Numaral\u0131 Gayrimenkul Proje Pazarlama \u015eirketi","publisher":{"@id":"https:\/\/superproje.com\/#organization"},"potentialAction":[{"@type":"SearchAction","target":{"@type":"EntryPoint","urlTemplate":"https:\/\/superproje.com\/?s={search_term_string}"},"query-input":"required name=search_term_string"}],"inLanguage":"ru-RU"},{"@type":"ImageObject","@id":"https:\/\/superproje.com\/konut-proje-pazarlama\/#primaryimage","inLanguage":"ru-RU","url":"https:\/\/superproje.com\/wp-content\/uploads\/2023\/09\/architects-studying-plan-with-mockup.jpg","contentUrl":"https:\/\/superproje.com\/wp-content\/uploads\/2023\/09\/architects-studying-plan-with-mockup.jpg","width":1224,"height":817},{"@type":"WebPage","@id":"https:\/\/superproje.com\/konut-proje-pazarlama\/#webpage","url":"https:\/\/superproje.com\/konut-proje-pazarlama\/","name":"Konut Proje Pazarlama - S\u00fcper Proje Pazarlama \u015eirketi","isPartOf":{"@id":"https:\/\/superproje.com\/#website"},"primaryImageOfPage":{"@id":"https:\/\/superproje.com\/konut-proje-pazarlama\/#primaryimage"},"datePublished":"2023-09-19T11:53:04+00:00","dateModified":"2023-09-19T11:58:37+00:00","description":"Konut Proje Pazarlama alan\u0131nda lider firmay\u0131z. \u0130stanbul, Ankara, \u0130zmir, Antalya, ve daha fazlas\u0131nda hizmet sunuyoruz. Konut ve ticari gayrimenkul pazarlamas\u0131nda en deneyimli kadroyla sizin ad\u0131n\u0131za \u00e7al\u0131\u015f\u0131yoruz.","breadcrumb":{"@id":"https:\/\/superproje.com\/konut-proje-pazarlama\/#breadcrumb"},"inLanguage":"ru-RU","potentialAction":[{"@type":"ReadAction","target":["https:\/\/superproje.com\/konut-proje-pazarlama\/"]}]},{"@type":"BreadcrumbList","@id":"https:\/\/superproje.com\/konut-proje-pazarlama\/#breadcrumb","itemListElement":[{"@type":"ListItem","position":1,"name":"Home","item":"https:\/\/superproje.com\/"},{"@type":"ListItem","position":2,"name":"Konut Proje Pazarlama"}]}]}},"_links":{"self":[{"href":"https:\/\/superproje.com\/ru\/wp-json\/wp\/v2\/pages\/18159"}],"collection":[{"href":"https:\/\/superproje.com\/ru\/wp-json\/wp\/v2\/pages"}],"about":[{"href":"https:\/\/superproje.com\/ru\/wp-json\/wp\/v2\/types\/page"}],"author":[{"embeddable":true,"href":"https:\/\/superproje.com\/ru\/wp-json\/wp\/v2\/users\/2"}],"replies":[{"embeddable":true,"href":"https:\/\/superproje.com\/ru\/wp-json\/wp\/v2\/comments?post=18159"}],"version-history":[{"count":4,"href":"https:\/\/superproje.com\/ru\/wp-json\/wp\/v2\/pages\/18159\/revisions"}],"predecessor-version":[{"id":18165,"href":"https:\/\/superproje.com\/ru\/wp-json\/wp\/v2\/pages\/18159\/revisions\/18165"}],"wp:featuredmedia":[{"embeddable":true,"href":"https:\/\/superproje.com\/ru\/wp-json\/wp\/v2\/media\/18160"}],"wp:attachment":[{"href":"https:\/\/superproje.com\/ru\/wp-json\/wp\/v2\/media?parent=18159"}],"curies":[{"name":"wp","href":"https:\/\/api.w.org\/{rel}","templated":true}]}}